{"id":136,"date":"2021-03-28T10:22:05","date_gmt":"2021-03-28T10:22:05","guid":{"rendered":"http:\/\/www.aguayresiduos.com\/Nueva2\/?page_id=136"},"modified":"2021-11-17T19:24:41","modified_gmt":"2021-11-17T19:24:41","slug":"conocenos","status":"publish","type":"page","link":"https:\/\/www.aguayresiduos.com\/index.php\/conocenos\/","title":{"rendered":"Con\u00f3cenos"},"content":{"rendered":"\n<p><strong>Visi\u00f3n<\/strong><\/p>\n\n\n\n<p>Queremos dar apoyo integral a tu organizaci\u00f3n para lograr mejoras de forma personalizada, profesional, \u00e1gil y sostenible, trabajando con organismos p\u00fablicos y privados, nacionales e internacionales, desde un nivel local para lograr cambios globales. Queremos unir nuestros esfuerzos a los tuyos ofreci\u00e9ndote el mejor servicio de consultor\u00eda y as\u00ed lograr una sociedad moderna y un entorno saludable.<\/p>\n\n\n\n<p><strong>Misi\u00f3n<\/strong><\/p>\n\n\n\n<p>Facilitar a nuestros clientes su tr\u00e1nsito durante los procesos de adaptaci\u00f3n medioambiental en un marco de desarrollo sostenible, aportando diagn\u00f3sticos confiables, soluciones l\u00f3gicas y apoy\u00e1ndolos en su desarrollo.<\/p>\n\n\n\n<p><strong>Propuesta de Valor<\/strong> <\/p>\n\n\n\n<p>Nuestro compromiso se fundamenta en dar un servicio serio, de calidad y objetivo. Nos comprometemos para que tu organizaci\u00f3n desarrolle soluciones m\u00e1s eficientes y alcances tus metas de crecimiento basado en an\u00e1lisis confiables, en la profesionalidad, conocimientos, visi\u00f3n de conjunto y enlaces internacionales, as\u00ed como en nuestra experiencia local e internacional.<\/p>\n\n\n\n<p id=\"conocenos\"><strong>Valores<\/strong><\/p>\n\n\n\n<p class=\"has-text-align-center\">Salud y Medioambiente<\/p>\n\n\n\n<p class=\"has-text-align-center\">Desarrollo social<\/p>\n\n\n\n<p class=\"has-text-align-center\">Innovaci\u00f3n<\/p>\n\n\n\n<p class=\"has-text-align-center\">Calidad<\/p>\n\n\n\n<p class=\"has-text-align-center\">Colaboraci\u00f3n<\/p>\n","protected":false},"excerpt":{"rendered":"<p>Visi\u00f3n Queremos dar apoyo integral a tu organizaci\u00f3n para lograr mejoras de forma personalizada, profesional, \u00e1gil y sostenible, trabajando con organismos p\u00fablicos y privados, nacionales e internacionales, desde un nivel local para lograr cambios globales. Queremos unir nuestros esfuerzos a los tuyos ofreci\u00e9ndote el mejor servicio de consultor\u00eda y as\u00ed lograr una sociedad moderna y [&hellip;]<\/p>\n","protected":false},"author":1,"featured_media":0,"parent":0,"menu_order":0,"comment_status":"closed","ping_status":"closed","template":"fullwidth-page.php","meta":{"footnotes":""},"class_list":["post-136","page","type-page","status-publish","hentry"],"yoast_head":"<!-- This site is optimized with the Yoast SEO plugin v27.3 - https:\/\/yoast.com\/product\/yoast-seo-wordpress\/ -->\n<title>Con\u00f3cenos - Agua y Residuos<\/title>\n<meta name=\"description\" content=\"Consultor\u00eda en Cantabria de servicios p\u00fablicos urbanos y rurales de limpieza (residuos s\u00f3lidos), abastecimiento y saneamiento. Nos enfocamos en Proyectos, Vigilancia y Control de Servicios, Optimizaci\u00f3n de Recursos, Diagn\u00f3sticos, Desarrollo y Seguimiento de Indicadores (KPI), Elaboraci\u00f3n de Estrategias, Innovaci\u00f3n, Colaboraci\u00f3n P\u00fablico Privada, I+D+i, Smartcity, Adaptaci\u00f3n de Servicios a Nuevos Requerimientos, Contraparte T\u00e9cnica, Actualizaci\u00f3n y Talleres de Difusi\u00f3n, ...\" \/>\n<meta name=\"robots\" content=\"index, follow, max-snippet:-1, max-image-preview:large, max-video-preview:-1\" \/>\n<link rel=\"canonical\" href=\"https:\/\/www.aguayresiduos.com\/index.php\/conocenos\/\" \/>\n<meta property=\"og:locale\" content=\"es_ES\" \/>\n<meta property=\"og:type\" content=\"article\" \/>\n<meta property=\"og:title\" content=\"Con\u00f3cenos - Agua y Residuos\" \/>\n<meta property=\"og:description\" content=\"Consultor\u00eda en Cantabria de servicios p\u00fablicos urbanos y rurales de limpieza (residuos s\u00f3lidos), abastecimiento y saneamiento. Nos enfocamos en Proyectos, Vigilancia y Control de Servicios, Optimizaci\u00f3n de Recursos, Diagn\u00f3sticos, Desarrollo y Seguimiento de Indicadores (KPI), Elaboraci\u00f3n de Estrategias, Innovaci\u00f3n, Colaboraci\u00f3n P\u00fablico Privada, I+D+i, Smartcity, Adaptaci\u00f3n de Servicios a Nuevos Requerimientos, Contraparte T\u00e9cnica, Actualizaci\u00f3n y Talleres de Difusi\u00f3n, ...\" \/>\n<meta property=\"og:url\" content=\"https:\/\/www.aguayresiduos.com\/index.php\/conocenos\/\" \/>\n<meta property=\"og:site_name\" content=\"Agua y Residuos\" \/>\n<meta property=\"article:modified_time\" content=\"2021-11-17T19:24:41+00:00\" \/>\n<meta name=\"twitter:card\" content=\"summary_large_image\" \/>\n<meta name=\"twitter:site\" content=\"@Agua_y_Residuos\" \/>\n<meta name=\"twitter:label1\" content=\"Tiempo de lectura\" \/>\n\t<meta name=\"twitter:data1\" content=\"1 minuto\" \/>\n<script type=\"application\/ld+json\" class=\"yoast-schema-graph\">{\"@context\":\"https:\\\/\\\/schema.org\",\"@graph\":[{\"@type\":\"TechArticle\",\"@id\":\"https:\\\/\\\/www.aguayresiduos.com\\\/index.php\\\/conocenos\\\/#article\",\"isPartOf\":{\"@id\":\"https:\\\/\\\/www.aguayresiduos.com\\\/index.php\\\/conocenos\\\/\"},\"author\":{\"name\":\"Agua_y_Residuos\",\"@id\":\"https:\\\/\\\/www.aguayresiduos.com\\\/#\\\/schema\\\/person\\\/36e6bd8af33918767eaa8bd843965088\"},\"headline\":\"Con\u00f3cenos\",\"datePublished\":\"2021-03-28T10:22:05+00:00\",\"dateModified\":\"2021-11-17T19:24:41+00:00\",\"mainEntityOfPage\":{\"@id\":\"https:\\\/\\\/www.aguayresiduos.com\\\/index.php\\\/conocenos\\\/\"},\"wordCount\":169,\"publisher\":{\"@id\":\"https:\\\/\\\/www.aguayresiduos.com\\\/#organization\"},\"inLanguage\":\"es\"},{\"@type\":\"WebPage\",\"@id\":\"https:\\\/\\\/www.aguayresiduos.com\\\/index.php\\\/conocenos\\\/\",\"url\":\"https:\\\/\\\/www.aguayresiduos.com\\\/index.php\\\/conocenos\\\/\",\"name\":\"Con\u00f3cenos - Agua y Residuos\",\"isPartOf\":{\"@id\":\"https:\\\/\\\/www.aguayresiduos.com\\\/#website\"},\"datePublished\":\"2021-03-28T10:22:05+00:00\",\"dateModified\":\"2021-11-17T19:24:41+00:00\",\"description\":\"Consultor\u00eda en Cantabria de servicios p\u00fablicos urbanos y rurales de limpieza (residuos s\u00f3lidos), abastecimiento y saneamiento. Nos enfocamos en Proyectos, Vigilancia y Control de Servicios, Optimizaci\u00f3n de Recursos, Diagn\u00f3sticos, Desarrollo y Seguimiento de Indicadores (KPI), Elaboraci\u00f3n de Estrategias, Innovaci\u00f3n, Colaboraci\u00f3n P\u00fablico Privada, I+D+i, Smartcity, Adaptaci\u00f3n de Servicios a Nuevos Requerimientos, Contraparte T\u00e9cnica, Actualizaci\u00f3n y Talleres de Difusi\u00f3n, ...\",\"breadcrumb\":{\"@id\":\"https:\\\/\\\/www.aguayresiduos.com\\\/index.php\\\/conocenos\\\/#breadcrumb\"},\"inLanguage\":\"es\",\"potentialAction\":[{\"@type\":\"ReadAction\",\"target\":[\"https:\\\/\\\/www.aguayresiduos.com\\\/index.php\\\/conocenos\\\/\"]}]},{\"@type\":\"BreadcrumbList\",\"@id\":\"https:\\\/\\\/www.aguayresiduos.com\\\/index.php\\\/conocenos\\\/#breadcrumb\",\"itemListElement\":[{\"@type\":\"ListItem\",\"position\":1,\"name\":\"Portada\",\"item\":\"https:\\\/\\\/www.aguayresiduos.com\\\/\"},{\"@type\":\"ListItem\",\"position\":2,\"name\":\"Con\u00f3cenos\"}]},{\"@type\":\"WebSite\",\"@id\":\"https:\\\/\\\/www.aguayresiduos.com\\\/#website\",\"url\":\"https:\\\/\\\/www.aguayresiduos.com\\\/\",\"name\":\"Agua y Residuos\",\"description\":\"Consultor\u00eda de Servicios Urbanos\",\"publisher\":{\"@id\":\"https:\\\/\\\/www.aguayresiduos.com\\\/#organization\"},\"potentialAction\":[{\"@type\":\"SearchAction\",\"target\":{\"@type\":\"EntryPoint\",\"urlTemplate\":\"https:\\\/\\\/www.aguayresiduos.com\\\/?s={search_term_string}\"},\"query-input\":{\"@type\":\"PropertyValueSpecification\",\"valueRequired\":true,\"valueName\":\"search_term_string\"}}],\"inLanguage\":\"es\"},{\"@type\":\"Organization\",\"@id\":\"https:\\\/\\\/www.aguayresiduos.com\\\/#organization\",\"name\":\"Agua_y_Residuos\",\"url\":\"https:\\\/\\\/www.aguayresiduos.com\\\/\",\"logo\":{\"@type\":\"ImageObject\",\"inLanguage\":\"es\",\"@id\":\"https:\\\/\\\/www.aguayresiduos.com\\\/#\\\/schema\\\/logo\\\/image\\\/\",\"url\":\"https:\\\/\\\/www.aguayresiduos.com\\\/wp-content\\\/uploads\\\/2021\\\/11\\\/fondo-transparente2.png\",\"contentUrl\":\"https:\\\/\\\/www.aguayresiduos.com\\\/wp-content\\\/uploads\\\/2021\\\/11\\\/fondo-transparente2.png\",\"width\":500,\"height\":500,\"caption\":\"Agua_y_Residuos\"},\"image\":{\"@id\":\"https:\\\/\\\/www.aguayresiduos.com\\\/#\\\/schema\\\/logo\\\/image\\\/\"},\"sameAs\":[\"https:\\\/\\\/x.com\\\/Agua_y_Residuos\",\"https:\\\/\\\/www.instagram.com\\\/agua_y_residuos\\\/\"]},{\"@type\":\"Person\",\"@id\":\"https:\\\/\\\/www.aguayresiduos.com\\\/#\\\/schema\\\/person\\\/36e6bd8af33918767eaa8bd843965088\",\"name\":\"Agua_y_Residuos\",\"sameAs\":[\"https:\\\/\\\/www.aguayresiduos.com\\\/\"],\"url\":\"https:\\\/\\\/www.aguayresiduos.com\\\/index.php\\\/author\\\/jaime\\\/\"}]}<\/script>\n<!-- \/ Yoast SEO plugin. -->","yoast_head_json":{"title":"Con\u00f3cenos - Agua y Residuos","description":"Consultor\u00eda en Cantabria de servicios p\u00fablicos urbanos y rurales de limpieza (residuos s\u00f3lidos), abastecimiento y saneamiento. Nos enfocamos en Proyectos, Vigilancia y Control de Servicios, Optimizaci\u00f3n de Recursos, Diagn\u00f3sticos, Desarrollo y Seguimiento de Indicadores (KPI), Elaboraci\u00f3n de Estrategias, Innovaci\u00f3n, Colaboraci\u00f3n P\u00fablico Privada, I+D+i, Smartcity, Adaptaci\u00f3n de Servicios a Nuevos Requerimientos, Contraparte T\u00e9cnica, Actualizaci\u00f3n y Talleres de Difusi\u00f3n, ...","robots":{"index":"index","follow":"follow","max-snippet":"max-snippet:-1","max-image-preview":"max-image-preview:large","max-video-preview":"max-video-preview:-1"},"canonical":"https:\/\/www.aguayresiduos.com\/index.php\/conocenos\/","og_locale":"es_ES","og_type":"article","og_title":"Con\u00f3cenos - Agua y Residuos","og_description":"Consultor\u00eda en Cantabria de servicios p\u00fablicos urbanos y rurales de limpieza (residuos s\u00f3lidos), abastecimiento y saneamiento. Nos enfocamos en Proyectos, Vigilancia y Control de Servicios, Optimizaci\u00f3n de Recursos, Diagn\u00f3sticos, Desarrollo y Seguimiento de Indicadores (KPI), Elaboraci\u00f3n de Estrategias, Innovaci\u00f3n, Colaboraci\u00f3n P\u00fablico Privada, I+D+i, Smartcity, Adaptaci\u00f3n de Servicios a Nuevos Requerimientos, Contraparte T\u00e9cnica, Actualizaci\u00f3n y Talleres de Difusi\u00f3n, ...","og_url":"https:\/\/www.aguayresiduos.com\/index.php\/conocenos\/","og_site_name":"Agua y Residuos","article_modified_time":"2021-11-17T19:24:41+00:00","twitter_card":"summary_large_image","twitter_site":"@Agua_y_Residuos","twitter_misc":{"Tiempo de lectura":"1 minuto"},"schema":{"@context":"https:\/\/schema.org","@graph":[{"@type":"TechArticle","@id":"https:\/\/www.aguayresiduos.com\/index.php\/conocenos\/#article","isPartOf":{"@id":"https:\/\/www.aguayresiduos.com\/index.php\/conocenos\/"},"author":{"name":"Agua_y_Residuos","@id":"https:\/\/www.aguayresiduos.com\/#\/schema\/person\/36e6bd8af33918767eaa8bd843965088"},"headline":"Con\u00f3cenos","datePublished":"2021-03-28T10:22:05+00:00","dateModified":"2021-11-17T19:24:41+00:00","mainEntityOfPage":{"@id":"https:\/\/www.aguayresiduos.com\/index.php\/conocenos\/"},"wordCount":169,"publisher":{"@id":"https:\/\/www.aguayresiduos.com\/#organization"},"inLanguage":"es"},{"@type":"WebPage","@id":"https:\/\/www.aguayresiduos.com\/index.php\/conocenos\/","url":"https:\/\/www.aguayresiduos.com\/index.php\/conocenos\/","name":"Con\u00f3cenos - Agua y Residuos","isPartOf":{"@id":"https:\/\/www.aguayresiduos.com\/#website"},"datePublished":"2021-03-28T10:22:05+00:00","dateModified":"2021-11-17T19:24:41+00:00","description":"Consultor\u00eda en Cantabria de servicios p\u00fablicos urbanos y rurales de limpieza (residuos s\u00f3lidos), abastecimiento y saneamiento. Nos enfocamos en Proyectos, Vigilancia y Control de Servicios, Optimizaci\u00f3n de Recursos, Diagn\u00f3sticos, Desarrollo y Seguimiento de Indicadores (KPI), Elaboraci\u00f3n de Estrategias, Innovaci\u00f3n, Colaboraci\u00f3n P\u00fablico Privada, I+D+i, Smartcity, Adaptaci\u00f3n de Servicios a Nuevos Requerimientos, Contraparte T\u00e9cnica, Actualizaci\u00f3n y Talleres de Difusi\u00f3n, ...","breadcrumb":{"@id":"https:\/\/www.aguayresiduos.com\/index.php\/conocenos\/#breadcrumb"},"inLanguage":"es","potentialAction":[{"@type":"ReadAction","target":["https:\/\/www.aguayresiduos.com\/index.php\/conocenos\/"]}]},{"@type":"BreadcrumbList","@id":"https:\/\/www.aguayresiduos.com\/index.php\/conocenos\/#breadcrumb","itemListElement":[{"@type":"ListItem","position":1,"name":"Portada","item":"https:\/\/www.aguayresiduos.com\/"},{"@type":"ListItem","position":2,"name":"Con\u00f3cenos"}]},{"@type":"WebSite","@id":"https:\/\/www.aguayresiduos.com\/#website","url":"https:\/\/www.aguayresiduos.com\/","name":"Agua y Residuos","description":"Consultor\u00eda de Servicios Urbanos","publisher":{"@id":"https:\/\/www.aguayresiduos.com\/#organization"},"potentialAction":[{"@type":"SearchAction","target":{"@type":"EntryPoint","urlTemplate":"https:\/\/www.aguayresiduos.com\/?s={search_term_string}"},"query-input":{"@type":"PropertyValueSpecification","valueRequired":true,"valueName":"search_term_string"}}],"inLanguage":"es"},{"@type":"Organization","@id":"https:\/\/www.aguayresiduos.com\/#organization","name":"Agua_y_Residuos","url":"https:\/\/www.aguayresiduos.com\/","logo":{"@type":"ImageObject","inLanguage":"es","@id":"https:\/\/www.aguayresiduos.com\/#\/schema\/logo\/image\/","url":"https:\/\/www.aguayresiduos.com\/wp-content\/uploads\/2021\/11\/fondo-transparente2.png","contentUrl":"https:\/\/www.aguayresiduos.com\/wp-content\/uploads\/2021\/11\/fondo-transparente2.png","width":500,"height":500,"caption":"Agua_y_Residuos"},"image":{"@id":"https:\/\/www.aguayresiduos.com\/#\/schema\/logo\/image\/"},"sameAs":["https:\/\/x.com\/Agua_y_Residuos","https:\/\/www.instagram.com\/agua_y_residuos\/"]},{"@type":"Person","@id":"https:\/\/www.aguayresiduos.com\/#\/schema\/person\/36e6bd8af33918767eaa8bd843965088","name":"Agua_y_Residuos","sameAs":["https:\/\/www.aguayresiduos.com\/"],"url":"https:\/\/www.aguayresiduos.com\/index.php\/author\/jaime\/"}]}},"_links":{"self":[{"href":"https:\/\/www.aguayresiduos.com\/index.php\/wp-json\/wp\/v2\/pages\/136","targetHints":{"allow":["GET"]}}],"collection":[{"href":"https:\/\/www.aguayresiduos.com\/index.php\/wp-json\/wp\/v2\/pages"}],"about":[{"href":"https:\/\/www.aguayresiduos.com\/index.php\/wp-json\/wp\/v2\/types\/page"}],"author":[{"embeddable":true,"href":"https:\/\/www.aguayresiduos.com\/index.php\/wp-json\/wp\/v2\/users\/1"}],"replies":[{"embeddable":true,"href":"https:\/\/www.aguayresiduos.com\/index.php\/wp-json\/wp\/v2\/comments?post=136"}],"version-history":[{"count":13,"href":"https:\/\/www.aguayresiduos.com\/index.php\/wp-json\/wp\/v2\/pages\/136\/revisions"}],"predecessor-version":[{"id":875,"href":"https:\/\/www.aguayresiduos.com\/index.php\/wp-json\/wp\/v2\/pages\/136\/revisions\/875"}],"wp:attachment":[{"href":"https:\/\/www.aguayresiduos.com\/index.php\/wp-json\/wp\/v2\/media?parent=136"}],"curies":[{"name":"wp","href":"https:\/\/api.w.org\/{rel}","templated":true}]}}