{"id":2100,"date":"2022-10-18T07:29:16","date_gmt":"2022-10-18T07:29:16","guid":{"rendered":"https:\/\/www.aguayresiduos.com\/?page_id=2100"},"modified":"2022-10-18T07:45:51","modified_gmt":"2022-10-18T07:45:51","slug":"canal-de-actualidad-chile-latam","status":"publish","type":"page","link":"https:\/\/www.aguayresiduos.com\/index.php\/canal-de-actualidad-chile-latam\/","title":{"rendered":"Canal de Actualidad (Chile-LATAM)"},"content":{"rendered":"\n<hr class=\"wp-block-separator has-alpha-channel-opacity\"\/>\n\n\n\n<p class=\"has-text-align-center\"><strong>Ministerio Medioambiente (Chile)<\/strong><\/p>\n\n\n\n<hr class=\"wp-block-separator has-alpha-channel-opacity\"\/>\n\n\n<ul class=\"is-grid columns-2 wp-block-rss\"><li class='wp-block-rss__item'><div class='wp-block-rss__item-title'><a href='https:\/\/mma.gob.cl\/concluye-innovador-proyecto-del-fondo-de-proteccion-ambiental-destinado-a-recuperar-residuos-organicos-marinos\/'>Concluye innovador proyecto del Fondo de Protecci\u00f3n Ambiental destinado a recuperar residuos org\u00e1nicos marinos<\/a><\/div><\/li><li class='wp-block-rss__item'><div class='wp-block-rss__item-title'><a href='https:\/\/mma.gob.cl\/en-pemuco-se-realizo-primer-encuentro-informativo-por-consulta-publica-del-nuevo-pda-del-valle-central-de-nuble\/'>En Pemuco se realiz\u00f3 primer encuentro informativo por consulta p\u00fablica del nuevo PDA del Valle Central de \u00d1uble<\/a><\/div><\/li><li class='wp-block-rss__item'><div class='wp-block-rss__item-title'><a href='https:\/\/mma.gob.cl\/seremi-del-medio-ambiente-da-a-conocer-resultados-de-estudio-de-riesgo-ambiental-del-relave-planta-carmen-de-vallenar\/'>SEREMI del Medio Ambiente da a conocer resultados de Estudio de riesgo ambiental del relave Planta Carmen de Vallenar<\/a><\/div><\/li><li class='wp-block-rss__item'><div class='wp-block-rss__item-title'><a href='https:\/\/mma.gob.cl\/subsecretario-del-medio-ambiente-destaca-modelo-de-gestion-de-residuos-asociativo-de-llanquihue\/'>Subsecretario del Medio Ambiente destaca modelo de gesti\u00f3n de residuos asociativo de Llanquihue<\/a><\/div><\/li><li class='wp-block-rss__item'><div class='wp-block-rss__item-title'><a href='https:\/\/mma.gob.cl\/con-proyecto-fpa-escuela-san-jose-obrero-fortalece-conciencia-ambiental-y-aporta-a-mejorar-el-aire-en-coyhaique\/'>Con proyecto FPA Escuela San Jos\u00e9 Obrero fortalece conciencia ambiental y aporta a mejorar el aire en Coyhaique<\/a><\/div><\/li><\/ul>\n\n\n<hr class=\"wp-block-separator has-alpha-channel-opacity\"\/>\n\n\n\n<p class=\"has-text-align-center\"><strong>Medioambiente en Radio Cooperativa (Chile)<\/strong><\/p>\n\n\n\n<hr class=\"wp-block-separator has-alpha-channel-opacity\"\/>\n\n\n<ul class=\"is-grid columns-2 wp-block-rss\"><li class='wp-block-rss__item'><div class='wp-block-rss__item-title'><a href='https:\/\/cooperativa.cl\/noticias\/sociedad\/medioambiente\/reciclaje\/el-intercambio-de-ropa-que-busca-romper-record-guinness-llego-a-chile\/2025-10-25\/152324.html'>El intercambio de ropa que busca romper R\u00e9cord Guinness lleg\u00f3 a Chile<\/a><\/div><\/li><li class='wp-block-rss__item'><div class='wp-block-rss__item-title'><a href='https:\/\/cooperativa.cl\/noticias\/sociedad\/medioambiente\/reciclaje\/piensa-circular-disminuyen-las-personas-que-dicen-reciclar-en-chile\/2024-11-24\/103305.html'>Piensa Circular: Disminuyen las personas que dicen reciclar en Chile<\/a><\/div><\/li><li class='wp-block-rss__item'><div class='wp-block-rss__item-title'><a href='https:\/\/cooperativa.cl\/noticias\/sociedad\/medioambiente\/reciclaje\/cambio-de-switch-el-primer-barometro-del-reciclaje-en-chile\/2024-11-23\/132947.html'>Cambio de Switch: El primer Bar\u00f3metro del Reciclaje en Chile<\/a><\/div><\/li><li class='wp-block-rss__item'><div class='wp-block-rss__item-title'><a href='https:\/\/cooperativa.cl\/noticias\/pais\/medioambiente\/piensa-circular-sistema-de-declaracion-de-residuos-en-el-mundo-agricola\/2024-08-18\/121932.html'>Piensa Circular: Sistema de Declaraci\u00f3n de Residuos en el mundo agr\u00edcola<\/a><\/div><\/li><li class='wp-block-rss__item'><div class='wp-block-rss__item-title'><a href='https:\/\/cooperativa.cl\/noticias\/sociedad\/medioambiente\/reciclaje\/piensa-circular-la-agricultura-circular-y-como-ayuda-a-aumentar-la\/2024-08-11\/103629.html'>Piensa Circular: La agricultura circular y c\u00f3mo ayuda a aumentar la producci\u00f3n<\/a><\/div><\/li><\/ul>\n\n<ul class=\"is-grid columns-2 wp-block-rss\"><li class='wp-block-rss__item'><div class='wp-block-rss__item-title'><a href='https:\/\/www.cooperativa.cl\/noticias\/sociedad\/medioambiente\/contaminacion\/pantallas-y-celulares-en-el-mar-detectan-quimicos-de-dispositivos\/2026-03-16\/112017.html'>Pantallas y celulares en el mar: detectan qu\u00edmicos de dispositivos electr\u00f3nicos en cerebros de delfines<\/a><\/div><\/li><li class='wp-block-rss__item'><div class='wp-block-rss__item-title'><a href='https:\/\/www.cooperativa.cl\/noticias\/mundo\/italia\/italia-freno-envio-de-un-millon-de-kilos-de-basura-ilegal-a-africa-y\/2026-02-18\/210127.html'>Italia fren\u00f3 env\u00edo de un mill\u00f3n de kilos de basura ilegal a \u00c1frica y Asia<\/a><\/div><\/li><li class='wp-block-rss__item'><div class='wp-block-rss__item-title'><a href='https:\/\/www.cooperativa.cl\/noticias\/mundo\/ee-uu\/donald-trump\/trump-desmantela-resolucion-que-declaro-daninos-los-gases-de-efecto\/2026-02-10\/170925.html'>Trump desmantela resoluci\u00f3n que declar\u00f3 da\u00f1inos los gases de efecto invernadero<\/a><\/div><\/li><li class='wp-block-rss__item'><div class='wp-block-rss__item-title'><a href='https:\/\/www.cooperativa.cl\/noticias\/sociedad\/medioambiente\/contaminacion\/la-onu-alerta-un-deshielo-nunca-antes-visto-y-respalda-los-glaciares\/2025-12-11\/162836.html'>La ONU alerta un deshielo nunca antes visto y respalda los glaciares artificiales<\/a><\/div><\/li><li class='wp-block-rss__item'><div class='wp-block-rss__item-title'><a href='https:\/\/www.cooperativa.cl\/noticias\/pais\/region-del-biobio\/vertederos-ilegales-desbordan-chiguayante-y-alcanzan-el-rio-biobio\/2025-11-30\/135336.html'>Vertederos ilegales desbordan Chiguayante y alcanzan el r\u00edo Biob\u00edo<\/a><\/div><\/li><\/ul>\n\n\n<hr class=\"wp-block-separator has-alpha-channel-opacity\"\/>\n\n\n\n<p class=\"has-text-align-center\"><strong>Ciudades Sostenibles &#8211; Banco Interamericano (BID)<\/strong><\/p>\n\n\n\n<hr class=\"wp-block-separator has-alpha-channel-opacity\" id=\"block-a436d1c8-2bd5-400e-80ec-d7de0983204a\"\/>\n\n\n<div class=\"components-placeholder\"><div class=\"notice notice-error\"><strong>Error de RSS:<\/strong> A feed could not be found at `https:\/\/blogs.iadb.org\/ciudades-sostenibles\/es\/feed\/`; the status code is `200` and content-type is `text\/html; charset=UTF-8`<\/div><\/div>\n\n\n<hr class=\"wp-block-separator has-alpha-channel-opacity\"\/>\n","protected":false},"excerpt":{"rendered":"<p>Ministerio Medioambiente (Chile) Medioambiente en Radio Cooperativa (Chile) Ciudades Sostenibles &#8211; Banco Interamericano (BID)<\/p>\n","protected":false},"author":1,"featured_media":0,"parent":0,"menu_order":0,"comment_status":"closed","ping_status":"closed","template":"fullwidth-page.php","meta":{"footnotes":""},"class_list":["post-2100","page","type-page","status-publish","hentry"],"yoast_head":"<!-- This site is optimized with the Yoast SEO plugin v27.3 - https:\/\/yoast.com\/product\/yoast-seo-wordpress\/ -->\n<title>Canal de Actualidad (Chile-LATAM) - Agua y Residuos<\/title>\n<meta name=\"description\" content=\"Consultor\u00eda en Cantabria de servicios p\u00fablicos urbanos y rurales de limpieza (residuos s\u00f3lidos), abastecimiento y saneamiento. Nos enfocamos en Proyectos, Vigilancia y Control de Servicios, Optimizaci\u00f3n de Recursos, Diagn\u00f3sticos, Desarrollo y Seguimiento de Indicadores (KPI), Elaboraci\u00f3n de Estrategias, Innovaci\u00f3n, Colaboraci\u00f3n P\u00fablico Privada, I+D+i, Smartcity, Adaptaci\u00f3n de Servicios a Nuevos Requerimientos, Contraparte T\u00e9cnica, Actualizaci\u00f3n y Talleres de Difusi\u00f3n, ...\" \/>\n<meta name=\"robots\" content=\"index, follow, max-snippet:-1, max-image-preview:large, max-video-preview:-1\" \/>\n<link rel=\"canonical\" href=\"https:\/\/www.aguayresiduos.com\/index.php\/canal-de-actualidad-chile-latam\/\" \/>\n<meta property=\"og:locale\" content=\"es_ES\" \/>\n<meta property=\"og:type\" content=\"article\" \/>\n<meta property=\"og:title\" content=\"Canal de Actualidad (Chile-LATAM) - Agua y Residuos\" \/>\n<meta property=\"og:description\" content=\"Consultor\u00eda en Cantabria de servicios p\u00fablicos urbanos y rurales de limpieza (residuos s\u00f3lidos), abastecimiento y saneamiento. Nos enfocamos en Proyectos, Vigilancia y Control de Servicios, Optimizaci\u00f3n de Recursos, Diagn\u00f3sticos, Desarrollo y Seguimiento de Indicadores (KPI), Elaboraci\u00f3n de Estrategias, Innovaci\u00f3n, Colaboraci\u00f3n P\u00fablico Privada, I+D+i, Smartcity, Adaptaci\u00f3n de Servicios a Nuevos Requerimientos, Contraparte T\u00e9cnica, Actualizaci\u00f3n y Talleres de Difusi\u00f3n, ...\" \/>\n<meta property=\"og:url\" content=\"https:\/\/www.aguayresiduos.com\/index.php\/canal-de-actualidad-chile-latam\/\" \/>\n<meta property=\"og:site_name\" content=\"Agua y Residuos\" \/>\n<meta property=\"article:modified_time\" content=\"2022-10-18T07:45:51+00:00\" \/>\n<meta name=\"twitter:card\" content=\"summary_large_image\" \/>\n<meta name=\"twitter:site\" content=\"@Agua_y_Residuos\" \/>\n<meta name=\"twitter:label1\" content=\"Tiempo de lectura\" \/>\n\t<meta name=\"twitter:data1\" content=\"1 minuto\" \/>\n<script type=\"application\/ld+json\" class=\"yoast-schema-graph\">{\"@context\":\"https:\\\/\\\/schema.org\",\"@graph\":[{\"@type\":\"TechArticle\",\"@id\":\"https:\\\/\\\/www.aguayresiduos.com\\\/index.php\\\/canal-de-actualidad-chile-latam\\\/#article\",\"isPartOf\":{\"@id\":\"https:\\\/\\\/www.aguayresiduos.com\\\/index.php\\\/canal-de-actualidad-chile-latam\\\/\"},\"author\":{\"name\":\"Agua_y_Residuos\",\"@id\":\"https:\\\/\\\/www.aguayresiduos.com\\\/#\\\/schema\\\/person\\\/36e6bd8af33918767eaa8bd843965088\"},\"headline\":\"Canal de Actualidad (Chile-LATAM)\",\"datePublished\":\"2022-10-18T07:29:16+00:00\",\"dateModified\":\"2022-10-18T07:45:51+00:00\",\"mainEntityOfPage\":{\"@id\":\"https:\\\/\\\/www.aguayresiduos.com\\\/index.php\\\/canal-de-actualidad-chile-latam\\\/\"},\"wordCount\":18,\"publisher\":{\"@id\":\"https:\\\/\\\/www.aguayresiduos.com\\\/#organization\"},\"inLanguage\":\"es\"},{\"@type\":\"WebPage\",\"@id\":\"https:\\\/\\\/www.aguayresiduos.com\\\/index.php\\\/canal-de-actualidad-chile-latam\\\/\",\"url\":\"https:\\\/\\\/www.aguayresiduos.com\\\/index.php\\\/canal-de-actualidad-chile-latam\\\/\",\"name\":\"Canal de Actualidad (Chile-LATAM) - Agua y Residuos\",\"isPartOf\":{\"@id\":\"https:\\\/\\\/www.aguayresiduos.com\\\/#website\"},\"datePublished\":\"2022-10-18T07:29:16+00:00\",\"dateModified\":\"2022-10-18T07:45:51+00:00\",\"description\":\"Consultor\u00eda en Cantabria de servicios p\u00fablicos urbanos y rurales de limpieza (residuos s\u00f3lidos), abastecimiento y saneamiento. Nos enfocamos en Proyectos, Vigilancia y Control de Servicios, Optimizaci\u00f3n de Recursos, Diagn\u00f3sticos, Desarrollo y Seguimiento de Indicadores (KPI), Elaboraci\u00f3n de Estrategias, Innovaci\u00f3n, Colaboraci\u00f3n P\u00fablico Privada, I+D+i, Smartcity, Adaptaci\u00f3n de Servicios a Nuevos Requerimientos, Contraparte T\u00e9cnica, Actualizaci\u00f3n y Talleres de Difusi\u00f3n, ...\",\"breadcrumb\":{\"@id\":\"https:\\\/\\\/www.aguayresiduos.com\\\/index.php\\\/canal-de-actualidad-chile-latam\\\/#breadcrumb\"},\"inLanguage\":\"es\",\"potentialAction\":[{\"@type\":\"ReadAction\",\"target\":[\"https:\\\/\\\/www.aguayresiduos.com\\\/index.php\\\/canal-de-actualidad-chile-latam\\\/\"]}]},{\"@type\":\"BreadcrumbList\",\"@id\":\"https:\\\/\\\/www.aguayresiduos.com\\\/index.php\\\/canal-de-actualidad-chile-latam\\\/#breadcrumb\",\"itemListElement\":[{\"@type\":\"ListItem\",\"position\":1,\"name\":\"Portada\",\"item\":\"https:\\\/\\\/www.aguayresiduos.com\\\/\"},{\"@type\":\"ListItem\",\"position\":2,\"name\":\"Canal de Actualidad (Chile-LATAM)\"}]},{\"@type\":\"WebSite\",\"@id\":\"https:\\\/\\\/www.aguayresiduos.com\\\/#website\",\"url\":\"https:\\\/\\\/www.aguayresiduos.com\\\/\",\"name\":\"Agua y Residuos\",\"description\":\"Consultor\u00eda de Servicios Urbanos\",\"publisher\":{\"@id\":\"https:\\\/\\\/www.aguayresiduos.com\\\/#organization\"},\"potentialAction\":[{\"@type\":\"SearchAction\",\"target\":{\"@type\":\"EntryPoint\",\"urlTemplate\":\"https:\\\/\\\/www.aguayresiduos.com\\\/?s={search_term_string}\"},\"query-input\":{\"@type\":\"PropertyValueSpecification\",\"valueRequired\":true,\"valueName\":\"search_term_string\"}}],\"inLanguage\":\"es\"},{\"@type\":\"Organization\",\"@id\":\"https:\\\/\\\/www.aguayresiduos.com\\\/#organization\",\"name\":\"Agua_y_Residuos\",\"url\":\"https:\\\/\\\/www.aguayresiduos.com\\\/\",\"logo\":{\"@type\":\"ImageObject\",\"inLanguage\":\"es\",\"@id\":\"https:\\\/\\\/www.aguayresiduos.com\\\/#\\\/schema\\\/logo\\\/image\\\/\",\"url\":\"https:\\\/\\\/www.aguayresiduos.com\\\/wp-content\\\/uploads\\\/2021\\\/11\\\/fondo-transparente2.png\",\"contentUrl\":\"https:\\\/\\\/www.aguayresiduos.com\\\/wp-content\\\/uploads\\\/2021\\\/11\\\/fondo-transparente2.png\",\"width\":500,\"height\":500,\"caption\":\"Agua_y_Residuos\"},\"image\":{\"@id\":\"https:\\\/\\\/www.aguayresiduos.com\\\/#\\\/schema\\\/logo\\\/image\\\/\"},\"sameAs\":[\"https:\\\/\\\/x.com\\\/Agua_y_Residuos\",\"https:\\\/\\\/www.instagram.com\\\/agua_y_residuos\\\/\"]},{\"@type\":\"Person\",\"@id\":\"https:\\\/\\\/www.aguayresiduos.com\\\/#\\\/schema\\\/person\\\/36e6bd8af33918767eaa8bd843965088\",\"name\":\"Agua_y_Residuos\",\"sameAs\":[\"https:\\\/\\\/www.aguayresiduos.com\\\/\"],\"url\":\"https:\\\/\\\/www.aguayresiduos.com\\\/index.php\\\/author\\\/jaime\\\/\"}]}<\/script>\n<!-- \/ Yoast SEO plugin. -->","yoast_head_json":{"title":"Canal de Actualidad (Chile-LATAM) - Agua y Residuos","description":"Consultor\u00eda en Cantabria de servicios p\u00fablicos urbanos y rurales de limpieza (residuos s\u00f3lidos), abastecimiento y saneamiento. Nos enfocamos en Proyectos, Vigilancia y Control de Servicios, Optimizaci\u00f3n de Recursos, Diagn\u00f3sticos, Desarrollo y Seguimiento de Indicadores (KPI), Elaboraci\u00f3n de Estrategias, Innovaci\u00f3n, Colaboraci\u00f3n P\u00fablico Privada, I+D+i, Smartcity, Adaptaci\u00f3n de Servicios a Nuevos Requerimientos, Contraparte T\u00e9cnica, Actualizaci\u00f3n y Talleres de Difusi\u00f3n, ...","robots":{"index":"index","follow":"follow","max-snippet":"max-snippet:-1","max-image-preview":"max-image-preview:large","max-video-preview":"max-video-preview:-1"},"canonical":"https:\/\/www.aguayresiduos.com\/index.php\/canal-de-actualidad-chile-latam\/","og_locale":"es_ES","og_type":"article","og_title":"Canal de Actualidad (Chile-LATAM) - Agua y Residuos","og_description":"Consultor\u00eda en Cantabria de servicios p\u00fablicos urbanos y rurales de limpieza (residuos s\u00f3lidos), abastecimiento y saneamiento. Nos enfocamos en Proyectos, Vigilancia y Control de Servicios, Optimizaci\u00f3n de Recursos, Diagn\u00f3sticos, Desarrollo y Seguimiento de Indicadores (KPI), Elaboraci\u00f3n de Estrategias, Innovaci\u00f3n, Colaboraci\u00f3n P\u00fablico Privada, I+D+i, Smartcity, Adaptaci\u00f3n de Servicios a Nuevos Requerimientos, Contraparte T\u00e9cnica, Actualizaci\u00f3n y Talleres de Difusi\u00f3n, ...","og_url":"https:\/\/www.aguayresiduos.com\/index.php\/canal-de-actualidad-chile-latam\/","og_site_name":"Agua y Residuos","article_modified_time":"2022-10-18T07:45:51+00:00","twitter_card":"summary_large_image","twitter_site":"@Agua_y_Residuos","twitter_misc":{"Tiempo de lectura":"1 minuto"},"schema":{"@context":"https:\/\/schema.org","@graph":[{"@type":"TechArticle","@id":"https:\/\/www.aguayresiduos.com\/index.php\/canal-de-actualidad-chile-latam\/#article","isPartOf":{"@id":"https:\/\/www.aguayresiduos.com\/index.php\/canal-de-actualidad-chile-latam\/"},"author":{"name":"Agua_y_Residuos","@id":"https:\/\/www.aguayresiduos.com\/#\/schema\/person\/36e6bd8af33918767eaa8bd843965088"},"headline":"Canal de Actualidad (Chile-LATAM)","datePublished":"2022-10-18T07:29:16+00:00","dateModified":"2022-10-18T07:45:51+00:00","mainEntityOfPage":{"@id":"https:\/\/www.aguayresiduos.com\/index.php\/canal-de-actualidad-chile-latam\/"},"wordCount":18,"publisher":{"@id":"https:\/\/www.aguayresiduos.com\/#organization"},"inLanguage":"es"},{"@type":"WebPage","@id":"https:\/\/www.aguayresiduos.com\/index.php\/canal-de-actualidad-chile-latam\/","url":"https:\/\/www.aguayresiduos.com\/index.php\/canal-de-actualidad-chile-latam\/","name":"Canal de Actualidad (Chile-LATAM) - Agua y Residuos","isPartOf":{"@id":"https:\/\/www.aguayresiduos.com\/#website"},"datePublished":"2022-10-18T07:29:16+00:00","dateModified":"2022-10-18T07:45:51+00:00","description":"Consultor\u00eda en Cantabria de servicios p\u00fablicos urbanos y rurales de limpieza (residuos s\u00f3lidos), abastecimiento y saneamiento. Nos enfocamos en Proyectos, Vigilancia y Control de Servicios, Optimizaci\u00f3n de Recursos, Diagn\u00f3sticos, Desarrollo y Seguimiento de Indicadores (KPI), Elaboraci\u00f3n de Estrategias, Innovaci\u00f3n, Colaboraci\u00f3n P\u00fablico Privada, I+D+i, Smartcity, Adaptaci\u00f3n de Servicios a Nuevos Requerimientos, Contraparte T\u00e9cnica, Actualizaci\u00f3n y Talleres de Difusi\u00f3n, ...","breadcrumb":{"@id":"https:\/\/www.aguayresiduos.com\/index.php\/canal-de-actualidad-chile-latam\/#breadcrumb"},"inLanguage":"es","potentialAction":[{"@type":"ReadAction","target":["https:\/\/www.aguayresiduos.com\/index.php\/canal-de-actualidad-chile-latam\/"]}]},{"@type":"BreadcrumbList","@id":"https:\/\/www.aguayresiduos.com\/index.php\/canal-de-actualidad-chile-latam\/#breadcrumb","itemListElement":[{"@type":"ListItem","position":1,"name":"Portada","item":"https:\/\/www.aguayresiduos.com\/"},{"@type":"ListItem","position":2,"name":"Canal de Actualidad (Chile-LATAM)"}]},{"@type":"WebSite","@id":"https:\/\/www.aguayresiduos.com\/#website","url":"https:\/\/www.aguayresiduos.com\/","name":"Agua y Residuos","description":"Consultor\u00eda de Servicios Urbanos","publisher":{"@id":"https:\/\/www.aguayresiduos.com\/#organization"},"potentialAction":[{"@type":"SearchAction","target":{"@type":"EntryPoint","urlTemplate":"https:\/\/www.aguayresiduos.com\/?s={search_term_string}"},"query-input":{"@type":"PropertyValueSpecification","valueRequired":true,"valueName":"search_term_string"}}],"inLanguage":"es"},{"@type":"Organization","@id":"https:\/\/www.aguayresiduos.com\/#organization","name":"Agua_y_Residuos","url":"https:\/\/www.aguayresiduos.com\/","logo":{"@type":"ImageObject","inLanguage":"es","@id":"https:\/\/www.aguayresiduos.com\/#\/schema\/logo\/image\/","url":"https:\/\/www.aguayresiduos.com\/wp-content\/uploads\/2021\/11\/fondo-transparente2.png","contentUrl":"https:\/\/www.aguayresiduos.com\/wp-content\/uploads\/2021\/11\/fondo-transparente2.png","width":500,"height":500,"caption":"Agua_y_Residuos"},"image":{"@id":"https:\/\/www.aguayresiduos.com\/#\/schema\/logo\/image\/"},"sameAs":["https:\/\/x.com\/Agua_y_Residuos","https:\/\/www.instagram.com\/agua_y_residuos\/"]},{"@type":"Person","@id":"https:\/\/www.aguayresiduos.com\/#\/schema\/person\/36e6bd8af33918767eaa8bd843965088","name":"Agua_y_Residuos","sameAs":["https:\/\/www.aguayresiduos.com\/"],"url":"https:\/\/www.aguayresiduos.com\/index.php\/author\/jaime\/"}]}},"_links":{"self":[{"href":"https:\/\/www.aguayresiduos.com\/index.php\/wp-json\/wp\/v2\/pages\/2100","targetHints":{"allow":["GET"]}}],"collection":[{"href":"https:\/\/www.aguayresiduos.com\/index.php\/wp-json\/wp\/v2\/pages"}],"about":[{"href":"https:\/\/www.aguayresiduos.com\/index.php\/wp-json\/wp\/v2\/types\/page"}],"author":[{"embeddable":true,"href":"https:\/\/www.aguayresiduos.com\/index.php\/wp-json\/wp\/v2\/users\/1"}],"replies":[{"embeddable":true,"href":"https:\/\/www.aguayresiduos.com\/index.php\/wp-json\/wp\/v2\/comments?post=2100"}],"version-history":[{"count":4,"href":"https:\/\/www.aguayresiduos.com\/index.php\/wp-json\/wp\/v2\/pages\/2100\/revisions"}],"predecessor-version":[{"id":2109,"href":"https:\/\/www.aguayresiduos.com\/index.php\/wp-json\/wp\/v2\/pages\/2100\/revisions\/2109"}],"wp:attachment":[{"href":"https:\/\/www.aguayresiduos.com\/index.php\/wp-json\/wp\/v2\/media?parent=2100"}],"curies":[{"name":"wp","href":"https:\/\/api.w.org\/{rel}","templated":true}]}}