{"id":241,"date":"2021-07-21T21:17:44","date_gmt":"2021-07-21T21:17:44","guid":{"rendered":"https:\/\/www.aguayresiduos.com\/Nueva2\/?page_id=241"},"modified":"2021-11-12T16:58:35","modified_gmt":"2021-11-12T16:58:35","slug":"inicio-de-sesion","status":"publish","type":"page","link":"https:\/\/www.aguayresiduos.com\/index.php\/inicio-de-sesion\/","title":{"rendered":"Inicio de Sesi\u00f3n"},"content":{"rendered":"\n<div class=\"um um-login um-254\">\n\t<div class=\"um-form\">\n\t\t<form method=\"post\" action=\"\" autocomplete=\"off\">\n\t\t\t<div class=\"um-row _um_row_1 \" style=\"margin: 0 0 30px 0;\"><div class=\"um-col-1\"><div  id=\"um_field_254_user_login\" class=\"um-field um-field-text  um-field-user_login um-field-text um-field-type_text\" data-key=\"user_login\"><div class=\"um-field-label\"><label for=\"user_login-254\">Nombre de usuario<span class=\"um-req\" title=\"Obligatorio\">*<\/span><\/label><div class=\"um-clear\"><\/div><\/div><div class=\"um-field-area\"><input  autocomplete=\"off\" class=\"um-form-field valid \" type=\"text\" name=\"user_login-254\" id=\"user_login-254\" value=\"\" placeholder=\"\" data-validate=\"unique_username\" data-key=\"user_login\"  aria-invalid=\"false\" \/>\n\n\t\t\t\t\t\t<\/div><\/div><div  id=\"um_field_254_user_password\" class=\"um-field um-field-password  um-field-user_password um-field-password um-field-type_password\" data-key=\"user_password\"><div class=\"um-field-label\"><label for=\"user_password-254\">Contrase\u00f1a<span class=\"um-req\" title=\"Obligatorio\">*<\/span><\/label><div class=\"um-clear\"><\/div><\/div><div class=\"um-field-area\"><input class=\"um-form-field valid \" type=\"password\" name=\"user_password-254\" id=\"user_password-254\" value=\"\" placeholder=\"\" data-validate=\"\" data-key=\"user_password\"  aria-invalid=\"false\" \/>\n\n\t\t\t\t\t\t\t<\/div><\/div><\/div><\/div>\t<input type=\"hidden\" name=\"form_id\" id=\"form_id_254\" value=\"254\" \/>\n\t\t<p class=\"um_request_name\">\n\t\t<label for=\"um_request_254\">Only fill in if you are not human<\/label>\n\t\t<input type=\"hidden\" name=\"um_request\" id=\"um_request_254\" class=\"input\" value=\"\" size=\"25\" autocomplete=\"off\" \/>\n\t<\/p>\n\t<input type=\"hidden\" id=\"_wpnonce\" name=\"_wpnonce\" value=\"ec56299bd4\" \/><input type=\"hidden\" name=\"_wp_http_referer\" value=\"\/index.php\/wp-json\/wp\/v2\/pages\/241\" \/>\n<div class=\"um-field\">\n\t<div class=\"g-recaptcha\" id=\"um-254\" data-type=\"image\" data-size=\"normal\" data-theme=\"light\" data-sitekey=\"6Lde7fspAAAAAExgL2dBMvHF9IxsxPimaSL9meGf\"><\/div>\n<\/div>\n\n\n<script type=\"text\/javascript\">\n\t\n\t\tvar onloadCallback = function () {\n\t\t\tjQuery('.g-recaptcha').each( function (i) {\n\t\t\t\tgrecaptcha.render( jQuery(this).attr('id'), {\n\t\t\t\t\t'sitekey': jQuery(this).attr('data-sitekey'),\n\t\t\t\t\t'theme': jQuery(this).attr('data-theme')\n\t\t\t\t});\n\t\t\t});\n\t\t};\n\n\t\tfunction um_recaptcha_refresh() {\n\t\t\tjQuery('.g-recaptcha').html('');\n\t\t\tgrecaptcha.reset();\n\t\t\tonloadCallback();\n\t\t}\n\n\t<\/script>\n\n\t<div class=\"um-col-alt\">\n\n\t\t\n\n\t\t\t<div class=\"um-field um-field-c\">\n\t\t\t\t<div class=\"um-field-area\">\n\t\t\t\t\t<label class=\"um-field-checkbox\">\n\t\t\t\t\t\t<input type=\"checkbox\" name=\"rememberme\" value=\"1\"  \/>\n\t\t\t\t\t\t<span class=\"um-field-checkbox-state\"><i class=\"um-icon-android-checkbox-outline-blank\"><\/i><\/span>\n\t\t\t\t\t\t<span class=\"um-field-checkbox-option\"> Mantenerme conectado<\/span>\n\t\t\t\t\t<\/label>\n\t\t\t\t<\/div>\n\t\t\t<\/div>\n\n\t\t\t\t\t\t<div class=\"um-clear\"><\/div>\n\t\t\n\t\t\t<div class=\"um-left um-half\">\n\t\t\t\t<input type=\"submit\" value=\"Iniciar sesi\u00f3n\" class=\"um-button\" id=\"um-submit-btn\" \/>\n\t\t\t<\/div>\n\t\t\t<div class=\"um-right um-half\">\n\t\t\t\t<a href=\"https:\/\/www.aguayresiduos.com\/index.php\/registro\/\" class=\"um-button um-alt\">\n\t\t\t\t\tRegistro\t\t\t\t<\/a>\n\t\t\t<\/div>\n\n\t\t\n\t\t<div class=\"um-clear\"><\/div>\n\n\t<\/div>\n\n\t\n\t<div class=\"um-col-alt-b\">\n\t\t<a href=\"https:\/\/www.aguayresiduos.com\/index.php\/restablecer-contrasena\/\" class=\"um-link-alt\">\n\t\t\t\u00bfHas olvidado tu contrase\u00f1a?\t\t<\/a>\n\t<\/div>\n\n\t\t\t<\/form>\n\t<\/div>\n<\/div>\n<style>\n\t\t\t.um-254.um {\n\t\t\tmax-width: 450px;\n\t\t}\n\t\t<\/style>\n\n","protected":false},"excerpt":{"rendered":"","protected":false},"author":1,"featured_media":0,"parent":0,"menu_order":0,"comment_status":"closed","ping_status":"closed","template":"fullwidth-page.php","meta":{"footnotes":""},"class_list":["post-241","page","type-page","status-publish","hentry"],"yoast_head":"<!-- This site is optimized with the Yoast SEO plugin v27.3 - https:\/\/yoast.com\/product\/yoast-seo-wordpress\/ -->\n<title>Inicio de Sesi\u00f3n - Agua y Residuos<\/title>\n<meta name=\"description\" content=\"Consultor\u00eda en Cantabria de servicios p\u00fablicos urbanos y rurales de limpieza (residuos s\u00f3lidos), abastecimiento y saneamiento. Nos enfocamos en Proyectos, Vigilancia y Control de Servicios, Optimizaci\u00f3n de Recursos, Diagn\u00f3sticos, Desarrollo y Seguimiento de Indicadores (KPI), Elaboraci\u00f3n de Estrategias, Innovaci\u00f3n, Colaboraci\u00f3n P\u00fablico Privada, I+D+i, Smartcity, Adaptaci\u00f3n de Servicios a Nuevos Requerimientos, Contraparte T\u00e9cnica, Actualizaci\u00f3n y Talleres de Difusi\u00f3n, ...\" \/>\n<meta name=\"robots\" content=\"index, follow, max-snippet:-1, max-image-preview:large, max-video-preview:-1\" \/>\n<link rel=\"canonical\" href=\"https:\/\/www.aguayresiduos.com\/index.php\/inicio-de-sesion\/\" \/>\n<meta property=\"og:locale\" content=\"es_ES\" \/>\n<meta property=\"og:type\" content=\"article\" \/>\n<meta property=\"og:title\" content=\"Inicio de Sesi\u00f3n - Agua y Residuos\" \/>\n<meta property=\"og:description\" content=\"Consultor\u00eda en Cantabria de servicios p\u00fablicos urbanos y rurales de limpieza (residuos s\u00f3lidos), abastecimiento y saneamiento. Nos enfocamos en Proyectos, Vigilancia y Control de Servicios, Optimizaci\u00f3n de Recursos, Diagn\u00f3sticos, Desarrollo y Seguimiento de Indicadores (KPI), Elaboraci\u00f3n de Estrategias, Innovaci\u00f3n, Colaboraci\u00f3n P\u00fablico Privada, I+D+i, Smartcity, Adaptaci\u00f3n de Servicios a Nuevos Requerimientos, Contraparte T\u00e9cnica, Actualizaci\u00f3n y Talleres de Difusi\u00f3n, ...\" \/>\n<meta property=\"og:url\" content=\"https:\/\/www.aguayresiduos.com\/index.php\/inicio-de-sesion\/\" \/>\n<meta property=\"og:site_name\" content=\"Agua y Residuos\" \/>\n<meta property=\"article:modified_time\" content=\"2021-11-12T16:58:35+00:00\" \/>\n<meta name=\"twitter:card\" content=\"summary_large_image\" \/>\n<meta name=\"twitter:site\" content=\"@Agua_y_Residuos\" \/>\n<script type=\"application\/ld+json\" class=\"yoast-schema-graph\">{\"@context\":\"https:\\\/\\\/schema.org\",\"@graph\":[{\"@type\":\"TechArticle\",\"@id\":\"https:\\\/\\\/www.aguayresiduos.com\\\/index.php\\\/inicio-de-sesion\\\/#article\",\"isPartOf\":{\"@id\":\"https:\\\/\\\/www.aguayresiduos.com\\\/index.php\\\/inicio-de-sesion\\\/\"},\"author\":{\"name\":\"Agua_y_Residuos\",\"@id\":\"https:\\\/\\\/www.aguayresiduos.com\\\/#\\\/schema\\\/person\\\/36e6bd8af33918767eaa8bd843965088\"},\"headline\":\"Inicio de Sesi\u00f3n\",\"datePublished\":\"2021-07-21T21:17:44+00:00\",\"dateModified\":\"2021-11-12T16:58:35+00:00\",\"mainEntityOfPage\":{\"@id\":\"https:\\\/\\\/www.aguayresiduos.com\\\/index.php\\\/inicio-de-sesion\\\/\"},\"wordCount\":7,\"publisher\":{\"@id\":\"https:\\\/\\\/www.aguayresiduos.com\\\/#organization\"},\"inLanguage\":\"es\"},{\"@type\":\"WebPage\",\"@id\":\"https:\\\/\\\/www.aguayresiduos.com\\\/index.php\\\/inicio-de-sesion\\\/\",\"url\":\"https:\\\/\\\/www.aguayresiduos.com\\\/index.php\\\/inicio-de-sesion\\\/\",\"name\":\"Inicio de Sesi\u00f3n - Agua y Residuos\",\"isPartOf\":{\"@id\":\"https:\\\/\\\/www.aguayresiduos.com\\\/#website\"},\"datePublished\":\"2021-07-21T21:17:44+00:00\",\"dateModified\":\"2021-11-12T16:58:35+00:00\",\"description\":\"Consultor\u00eda en Cantabria de servicios p\u00fablicos urbanos y rurales de limpieza (residuos s\u00f3lidos), abastecimiento y saneamiento. Nos enfocamos en Proyectos, Vigilancia y Control de Servicios, Optimizaci\u00f3n de Recursos, Diagn\u00f3sticos, Desarrollo y Seguimiento de Indicadores (KPI), Elaboraci\u00f3n de Estrategias, Innovaci\u00f3n, Colaboraci\u00f3n P\u00fablico Privada, I+D+i, Smartcity, Adaptaci\u00f3n de Servicios a Nuevos Requerimientos, Contraparte T\u00e9cnica, Actualizaci\u00f3n y Talleres de Difusi\u00f3n, ...\",\"breadcrumb\":{\"@id\":\"https:\\\/\\\/www.aguayresiduos.com\\\/index.php\\\/inicio-de-sesion\\\/#breadcrumb\"},\"inLanguage\":\"es\",\"potentialAction\":[{\"@type\":\"ReadAction\",\"target\":[\"https:\\\/\\\/www.aguayresiduos.com\\\/index.php\\\/inicio-de-sesion\\\/\"]}]},{\"@type\":\"BreadcrumbList\",\"@id\":\"https:\\\/\\\/www.aguayresiduos.com\\\/index.php\\\/inicio-de-sesion\\\/#breadcrumb\",\"itemListElement\":[{\"@type\":\"ListItem\",\"position\":1,\"name\":\"Portada\",\"item\":\"https:\\\/\\\/www.aguayresiduos.com\\\/\"},{\"@type\":\"ListItem\",\"position\":2,\"name\":\"Inicio de Sesi\u00f3n\"}]},{\"@type\":\"WebSite\",\"@id\":\"https:\\\/\\\/www.aguayresiduos.com\\\/#website\",\"url\":\"https:\\\/\\\/www.aguayresiduos.com\\\/\",\"name\":\"Agua y Residuos\",\"description\":\"Consultor\u00eda de Servicios Urbanos\",\"publisher\":{\"@id\":\"https:\\\/\\\/www.aguayresiduos.com\\\/#organization\"},\"potentialAction\":[{\"@type\":\"SearchAction\",\"target\":{\"@type\":\"EntryPoint\",\"urlTemplate\":\"https:\\\/\\\/www.aguayresiduos.com\\\/?s={search_term_string}\"},\"query-input\":{\"@type\":\"PropertyValueSpecification\",\"valueRequired\":true,\"valueName\":\"search_term_string\"}}],\"inLanguage\":\"es\"},{\"@type\":\"Organization\",\"@id\":\"https:\\\/\\\/www.aguayresiduos.com\\\/#organization\",\"name\":\"Agua_y_Residuos\",\"url\":\"https:\\\/\\\/www.aguayresiduos.com\\\/\",\"logo\":{\"@type\":\"ImageObject\",\"inLanguage\":\"es\",\"@id\":\"https:\\\/\\\/www.aguayresiduos.com\\\/#\\\/schema\\\/logo\\\/image\\\/\",\"url\":\"https:\\\/\\\/www.aguayresiduos.com\\\/wp-content\\\/uploads\\\/2021\\\/11\\\/fondo-transparente2.png\",\"contentUrl\":\"https:\\\/\\\/www.aguayresiduos.com\\\/wp-content\\\/uploads\\\/2021\\\/11\\\/fondo-transparente2.png\",\"width\":500,\"height\":500,\"caption\":\"Agua_y_Residuos\"},\"image\":{\"@id\":\"https:\\\/\\\/www.aguayresiduos.com\\\/#\\\/schema\\\/logo\\\/image\\\/\"},\"sameAs\":[\"https:\\\/\\\/x.com\\\/Agua_y_Residuos\",\"https:\\\/\\\/www.instagram.com\\\/agua_y_residuos\\\/\"]},{\"@type\":\"Person\",\"@id\":\"https:\\\/\\\/www.aguayresiduos.com\\\/#\\\/schema\\\/person\\\/36e6bd8af33918767eaa8bd843965088\",\"name\":\"Agua_y_Residuos\",\"sameAs\":[\"https:\\\/\\\/www.aguayresiduos.com\\\/\"],\"url\":\"https:\\\/\\\/www.aguayresiduos.com\\\/index.php\\\/author\\\/jaime\\\/\"}]}<\/script>\n<!-- \/ Yoast SEO plugin. -->","yoast_head_json":{"title":"Inicio de Sesi\u00f3n - Agua y Residuos","description":"Consultor\u00eda en Cantabria de servicios p\u00fablicos urbanos y rurales de limpieza (residuos s\u00f3lidos), abastecimiento y saneamiento. Nos enfocamos en Proyectos, Vigilancia y Control de Servicios, Optimizaci\u00f3n de Recursos, Diagn\u00f3sticos, Desarrollo y Seguimiento de Indicadores (KPI), Elaboraci\u00f3n de Estrategias, Innovaci\u00f3n, Colaboraci\u00f3n P\u00fablico Privada, I+D+i, Smartcity, Adaptaci\u00f3n de Servicios a Nuevos Requerimientos, Contraparte T\u00e9cnica, Actualizaci\u00f3n y Talleres de Difusi\u00f3n, ...","robots":{"index":"index","follow":"follow","max-snippet":"max-snippet:-1","max-image-preview":"max-image-preview:large","max-video-preview":"max-video-preview:-1"},"canonical":"https:\/\/www.aguayresiduos.com\/index.php\/inicio-de-sesion\/","og_locale":"es_ES","og_type":"article","og_title":"Inicio de Sesi\u00f3n - Agua y Residuos","og_description":"Consultor\u00eda en Cantabria de servicios p\u00fablicos urbanos y rurales de limpieza (residuos s\u00f3lidos), abastecimiento y saneamiento. Nos enfocamos en Proyectos, Vigilancia y Control de Servicios, Optimizaci\u00f3n de Recursos, Diagn\u00f3sticos, Desarrollo y Seguimiento de Indicadores (KPI), Elaboraci\u00f3n de Estrategias, Innovaci\u00f3n, Colaboraci\u00f3n P\u00fablico Privada, I+D+i, Smartcity, Adaptaci\u00f3n de Servicios a Nuevos Requerimientos, Contraparte T\u00e9cnica, Actualizaci\u00f3n y Talleres de Difusi\u00f3n, ...","og_url":"https:\/\/www.aguayresiduos.com\/index.php\/inicio-de-sesion\/","og_site_name":"Agua y Residuos","article_modified_time":"2021-11-12T16:58:35+00:00","twitter_card":"summary_large_image","twitter_site":"@Agua_y_Residuos","schema":{"@context":"https:\/\/schema.org","@graph":[{"@type":"TechArticle","@id":"https:\/\/www.aguayresiduos.com\/index.php\/inicio-de-sesion\/#article","isPartOf":{"@id":"https:\/\/www.aguayresiduos.com\/index.php\/inicio-de-sesion\/"},"author":{"name":"Agua_y_Residuos","@id":"https:\/\/www.aguayresiduos.com\/#\/schema\/person\/36e6bd8af33918767eaa8bd843965088"},"headline":"Inicio de Sesi\u00f3n","datePublished":"2021-07-21T21:17:44+00:00","dateModified":"2021-11-12T16:58:35+00:00","mainEntityOfPage":{"@id":"https:\/\/www.aguayresiduos.com\/index.php\/inicio-de-sesion\/"},"wordCount":7,"publisher":{"@id":"https:\/\/www.aguayresiduos.com\/#organization"},"inLanguage":"es"},{"@type":"WebPage","@id":"https:\/\/www.aguayresiduos.com\/index.php\/inicio-de-sesion\/","url":"https:\/\/www.aguayresiduos.com\/index.php\/inicio-de-sesion\/","name":"Inicio de Sesi\u00f3n - Agua y Residuos","isPartOf":{"@id":"https:\/\/www.aguayresiduos.com\/#website"},"datePublished":"2021-07-21T21:17:44+00:00","dateModified":"2021-11-12T16:58:35+00:00","description":"Consultor\u00eda en Cantabria de servicios p\u00fablicos urbanos y rurales de limpieza (residuos s\u00f3lidos), abastecimiento y saneamiento. Nos enfocamos en Proyectos, Vigilancia y Control de Servicios, Optimizaci\u00f3n de Recursos, Diagn\u00f3sticos, Desarrollo y Seguimiento de Indicadores (KPI), Elaboraci\u00f3n de Estrategias, Innovaci\u00f3n, Colaboraci\u00f3n P\u00fablico Privada, I+D+i, Smartcity, Adaptaci\u00f3n de Servicios a Nuevos Requerimientos, Contraparte T\u00e9cnica, Actualizaci\u00f3n y Talleres de Difusi\u00f3n, ...","breadcrumb":{"@id":"https:\/\/www.aguayresiduos.com\/index.php\/inicio-de-sesion\/#breadcrumb"},"inLanguage":"es","potentialAction":[{"@type":"ReadAction","target":["https:\/\/www.aguayresiduos.com\/index.php\/inicio-de-sesion\/"]}]},{"@type":"BreadcrumbList","@id":"https:\/\/www.aguayresiduos.com\/index.php\/inicio-de-sesion\/#breadcrumb","itemListElement":[{"@type":"ListItem","position":1,"name":"Portada","item":"https:\/\/www.aguayresiduos.com\/"},{"@type":"ListItem","position":2,"name":"Inicio de Sesi\u00f3n"}]},{"@type":"WebSite","@id":"https:\/\/www.aguayresiduos.com\/#website","url":"https:\/\/www.aguayresiduos.com\/","name":"Agua y Residuos","description":"Consultor\u00eda de Servicios Urbanos","publisher":{"@id":"https:\/\/www.aguayresiduos.com\/#organization"},"potentialAction":[{"@type":"SearchAction","target":{"@type":"EntryPoint","urlTemplate":"https:\/\/www.aguayresiduos.com\/?s={search_term_string}"},"query-input":{"@type":"PropertyValueSpecification","valueRequired":true,"valueName":"search_term_string"}}],"inLanguage":"es"},{"@type":"Organization","@id":"https:\/\/www.aguayresiduos.com\/#organization","name":"Agua_y_Residuos","url":"https:\/\/www.aguayresiduos.com\/","logo":{"@type":"ImageObject","inLanguage":"es","@id":"https:\/\/www.aguayresiduos.com\/#\/schema\/logo\/image\/","url":"https:\/\/www.aguayresiduos.com\/wp-content\/uploads\/2021\/11\/fondo-transparente2.png","contentUrl":"https:\/\/www.aguayresiduos.com\/wp-content\/uploads\/2021\/11\/fondo-transparente2.png","width":500,"height":500,"caption":"Agua_y_Residuos"},"image":{"@id":"https:\/\/www.aguayresiduos.com\/#\/schema\/logo\/image\/"},"sameAs":["https:\/\/x.com\/Agua_y_Residuos","https:\/\/www.instagram.com\/agua_y_residuos\/"]},{"@type":"Person","@id":"https:\/\/www.aguayresiduos.com\/#\/schema\/person\/36e6bd8af33918767eaa8bd843965088","name":"Agua_y_Residuos","sameAs":["https:\/\/www.aguayresiduos.com\/"],"url":"https:\/\/www.aguayresiduos.com\/index.php\/author\/jaime\/"}]}},"_links":{"self":[{"href":"https:\/\/www.aguayresiduos.com\/index.php\/wp-json\/wp\/v2\/pages\/241","targetHints":{"allow":["GET"]}}],"collection":[{"href":"https:\/\/www.aguayresiduos.com\/index.php\/wp-json\/wp\/v2\/pages"}],"about":[{"href":"https:\/\/www.aguayresiduos.com\/index.php\/wp-json\/wp\/v2\/types\/page"}],"author":[{"embeddable":true,"href":"https:\/\/www.aguayresiduos.com\/index.php\/wp-json\/wp\/v2\/users\/1"}],"replies":[{"embeddable":true,"href":"https:\/\/www.aguayresiduos.com\/index.php\/wp-json\/wp\/v2\/comments?post=241"}],"version-history":[{"count":3,"href":"https:\/\/www.aguayresiduos.com\/index.php\/wp-json\/wp\/v2\/pages\/241\/revisions"}],"predecessor-version":[{"id":506,"href":"https:\/\/www.aguayresiduos.com\/index.php\/wp-json\/wp\/v2\/pages\/241\/revisions\/506"}],"wp:attachment":[{"href":"https:\/\/www.aguayresiduos.com\/index.php\/wp-json\/wp\/v2\/media?parent=241"}],"curies":[{"name":"wp","href":"https:\/\/api.w.org\/{rel}","templated":true}]}}