{"id":510,"date":"2021-11-08T19:11:23","date_gmt":"2021-11-08T19:11:23","guid":{"rendered":"https:\/\/www.aguayresiduos.com\/?page_id=510"},"modified":"2021-11-12T16:56:22","modified_gmt":"2021-11-12T16:56:22","slug":"race-to-zero","status":"publish","type":"page","link":"https:\/\/www.aguayresiduos.com\/index.php\/race-to-zero\/","title":{"rendered":"Race to Zero"},"content":{"rendered":"\n<p>Race To Zero es una campa\u00f1a mundial para reunir el liderazgo y el apoyo de las empresas, las ciudades, las regiones y los inversores en favor de una recuperaci\u00f3n saludable, resistente y con cero emisiones de carbono que prevenga futuras amenazas, cree empleos decentes y desbloquee un crecimiento inclusivo y sostenible.<\/p>\n\n\n\n<p>Moviliza una coalici\u00f3n de iniciativas l\u00edderes de carbono cero, que representan a 733 ciudades, 31 regiones, 3.067 empresas, 173 de los mayores inversores y 622 instituciones de educaci\u00f3n superior. Estos actores de la &#8220;econom\u00eda real&#8221; se unen a 120 pa\u00edses en la mayor alianza jam\u00e1s creada, comprometida con la consecuci\u00f3n de las emisiones netas de carbono a m\u00e1s tardar en 2050. En conjunto, estos actores abarcan ahora casi el 25% de las emisiones mundiales de CO2 y m\u00e1s del 50% del PIB.<\/p>\n\n\n\n<p>El objetivo es crear un impulso en torno al cambio hacia una econom\u00eda descarbonizada antes de la COP26, donde los gobiernos deben reforzar sus contribuciones al Acuerdo de Par\u00eds. Esto enviar\u00e1 a los gobiernos una se\u00f1al rotunda de que las empresas, las ciudades, las regiones y los inversores est\u00e1n unidos para cumplir los objetivos de Par\u00eds y crear una econom\u00eda m\u00e1s inclusiva y resistente. &#8211; <a href=\"https:\/\/unfccc.int\/climate-action\/race-to-zero-campaign\" data-type=\"URL\" data-id=\"https:\/\/unfccc.int\/climate-action\/race-to-zero-campaign\" target=\"_blank\" rel=\"noreferrer noopener\">M\u00c1S INFORMACI\u00d3N AQU\u00cd<\/a> &#8211;<\/p>\n","protected":false},"excerpt":{"rendered":"<p>Race To Zero es una campa\u00f1a mundial para reunir el liderazgo y el apoyo de las empresas, las ciudades, las regiones y los inversores en favor de una recuperaci\u00f3n saludable, resistente y con cero emisiones de carbono que prevenga futuras amenazas, cree empleos decentes y desbloquee un crecimiento inclusivo y sostenible. Moviliza una coalici\u00f3n de [&hellip;]<\/p>\n","protected":false},"author":1,"featured_media":0,"parent":0,"menu_order":0,"comment_status":"closed","ping_status":"closed","template":"fullwidth-page.php","meta":{"footnotes":""},"class_list":["post-510","page","type-page","status-publish","hentry"],"yoast_head":"<!-- This site is optimized with the Yoast SEO plugin v27.3 - https:\/\/yoast.com\/product\/yoast-seo-wordpress\/ -->\n<title>Race to Zero - Agua y Residuos<\/title>\n<meta name=\"description\" content=\"Consultor\u00eda en Cantabria de servicios p\u00fablicos urbanos y rurales de limpieza (residuos s\u00f3lidos), abastecimiento y saneamiento. Nos enfocamos en Proyectos, Vigilancia y Control de Servicios, Optimizaci\u00f3n de Recursos, Diagn\u00f3sticos, Desarrollo y Seguimiento de Indicadores (KPI), Elaboraci\u00f3n de Estrategias, Innovaci\u00f3n, Colaboraci\u00f3n P\u00fablico Privada, I+D+i, Smartcity, Adaptaci\u00f3n de Servicios a Nuevos Requerimientos, Contraparte T\u00e9cnica, Actualizaci\u00f3n y Talleres de Difusi\u00f3n, ...\" \/>\n<meta name=\"robots\" content=\"index, follow, max-snippet:-1, max-image-preview:large, max-video-preview:-1\" \/>\n<link rel=\"canonical\" href=\"https:\/\/www.aguayresiduos.com\/index.php\/race-to-zero\/\" \/>\n<meta property=\"og:locale\" content=\"es_ES\" \/>\n<meta property=\"og:type\" content=\"article\" \/>\n<meta property=\"og:title\" content=\"Race to Zero - Agua y Residuos\" \/>\n<meta property=\"og:description\" content=\"Consultor\u00eda en Cantabria de servicios p\u00fablicos urbanos y rurales de limpieza (residuos s\u00f3lidos), abastecimiento y saneamiento. Nos enfocamos en Proyectos, Vigilancia y Control de Servicios, Optimizaci\u00f3n de Recursos, Diagn\u00f3sticos, Desarrollo y Seguimiento de Indicadores (KPI), Elaboraci\u00f3n de Estrategias, Innovaci\u00f3n, Colaboraci\u00f3n P\u00fablico Privada, I+D+i, Smartcity, Adaptaci\u00f3n de Servicios a Nuevos Requerimientos, Contraparte T\u00e9cnica, Actualizaci\u00f3n y Talleres de Difusi\u00f3n, ...\" \/>\n<meta property=\"og:url\" content=\"https:\/\/www.aguayresiduos.com\/index.php\/race-to-zero\/\" \/>\n<meta property=\"og:site_name\" content=\"Agua y Residuos\" \/>\n<meta property=\"article:modified_time\" content=\"2021-11-12T16:56:22+00:00\" \/>\n<meta name=\"twitter:card\" content=\"summary_large_image\" \/>\n<meta name=\"twitter:site\" content=\"@Agua_y_Residuos\" \/>\n<meta name=\"twitter:label1\" content=\"Tiempo de lectura\" \/>\n\t<meta name=\"twitter:data1\" content=\"1 minuto\" \/>\n<script type=\"application\/ld+json\" class=\"yoast-schema-graph\">{\"@context\":\"https:\\\/\\\/schema.org\",\"@graph\":[{\"@type\":\"TechArticle\",\"@id\":\"https:\\\/\\\/www.aguayresiduos.com\\\/index.php\\\/race-to-zero\\\/#article\",\"isPartOf\":{\"@id\":\"https:\\\/\\\/www.aguayresiduos.com\\\/index.php\\\/race-to-zero\\\/\"},\"author\":{\"name\":\"Agua_y_Residuos\",\"@id\":\"https:\\\/\\\/www.aguayresiduos.com\\\/#\\\/schema\\\/person\\\/36e6bd8af33918767eaa8bd843965088\"},\"headline\":\"Race to Zero\",\"datePublished\":\"2021-11-08T19:11:23+00:00\",\"dateModified\":\"2021-11-12T16:56:22+00:00\",\"mainEntityOfPage\":{\"@id\":\"https:\\\/\\\/www.aguayresiduos.com\\\/index.php\\\/race-to-zero\\\/\"},\"wordCount\":215,\"publisher\":{\"@id\":\"https:\\\/\\\/www.aguayresiduos.com\\\/#organization\"},\"inLanguage\":\"es\"},{\"@type\":\"WebPage\",\"@id\":\"https:\\\/\\\/www.aguayresiduos.com\\\/index.php\\\/race-to-zero\\\/\",\"url\":\"https:\\\/\\\/www.aguayresiduos.com\\\/index.php\\\/race-to-zero\\\/\",\"name\":\"Race to Zero - Agua y Residuos\",\"isPartOf\":{\"@id\":\"https:\\\/\\\/www.aguayresiduos.com\\\/#website\"},\"datePublished\":\"2021-11-08T19:11:23+00:00\",\"dateModified\":\"2021-11-12T16:56:22+00:00\",\"description\":\"Consultor\u00eda en Cantabria de servicios p\u00fablicos urbanos y rurales de limpieza (residuos s\u00f3lidos), abastecimiento y saneamiento. Nos enfocamos en Proyectos, Vigilancia y Control de Servicios, Optimizaci\u00f3n de Recursos, Diagn\u00f3sticos, Desarrollo y Seguimiento de Indicadores (KPI), Elaboraci\u00f3n de Estrategias, Innovaci\u00f3n, Colaboraci\u00f3n P\u00fablico Privada, I+D+i, Smartcity, Adaptaci\u00f3n de Servicios a Nuevos Requerimientos, Contraparte T\u00e9cnica, Actualizaci\u00f3n y Talleres de Difusi\u00f3n, ...\",\"breadcrumb\":{\"@id\":\"https:\\\/\\\/www.aguayresiduos.com\\\/index.php\\\/race-to-zero\\\/#breadcrumb\"},\"inLanguage\":\"es\",\"potentialAction\":[{\"@type\":\"ReadAction\",\"target\":[\"https:\\\/\\\/www.aguayresiduos.com\\\/index.php\\\/race-to-zero\\\/\"]}]},{\"@type\":\"BreadcrumbList\",\"@id\":\"https:\\\/\\\/www.aguayresiduos.com\\\/index.php\\\/race-to-zero\\\/#breadcrumb\",\"itemListElement\":[{\"@type\":\"ListItem\",\"position\":1,\"name\":\"Portada\",\"item\":\"https:\\\/\\\/www.aguayresiduos.com\\\/\"},{\"@type\":\"ListItem\",\"position\":2,\"name\":\"Race to Zero\"}]},{\"@type\":\"WebSite\",\"@id\":\"https:\\\/\\\/www.aguayresiduos.com\\\/#website\",\"url\":\"https:\\\/\\\/www.aguayresiduos.com\\\/\",\"name\":\"Agua y Residuos\",\"description\":\"Consultor\u00eda de Servicios Urbanos\",\"publisher\":{\"@id\":\"https:\\\/\\\/www.aguayresiduos.com\\\/#organization\"},\"potentialAction\":[{\"@type\":\"SearchAction\",\"target\":{\"@type\":\"EntryPoint\",\"urlTemplate\":\"https:\\\/\\\/www.aguayresiduos.com\\\/?s={search_term_string}\"},\"query-input\":{\"@type\":\"PropertyValueSpecification\",\"valueRequired\":true,\"valueName\":\"search_term_string\"}}],\"inLanguage\":\"es\"},{\"@type\":\"Organization\",\"@id\":\"https:\\\/\\\/www.aguayresiduos.com\\\/#organization\",\"name\":\"Agua_y_Residuos\",\"url\":\"https:\\\/\\\/www.aguayresiduos.com\\\/\",\"logo\":{\"@type\":\"ImageObject\",\"inLanguage\":\"es\",\"@id\":\"https:\\\/\\\/www.aguayresiduos.com\\\/#\\\/schema\\\/logo\\\/image\\\/\",\"url\":\"https:\\\/\\\/www.aguayresiduos.com\\\/wp-content\\\/uploads\\\/2021\\\/11\\\/fondo-transparente2.png\",\"contentUrl\":\"https:\\\/\\\/www.aguayresiduos.com\\\/wp-content\\\/uploads\\\/2021\\\/11\\\/fondo-transparente2.png\",\"width\":500,\"height\":500,\"caption\":\"Agua_y_Residuos\"},\"image\":{\"@id\":\"https:\\\/\\\/www.aguayresiduos.com\\\/#\\\/schema\\\/logo\\\/image\\\/\"},\"sameAs\":[\"https:\\\/\\\/x.com\\\/Agua_y_Residuos\",\"https:\\\/\\\/www.instagram.com\\\/agua_y_residuos\\\/\"]},{\"@type\":\"Person\",\"@id\":\"https:\\\/\\\/www.aguayresiduos.com\\\/#\\\/schema\\\/person\\\/36e6bd8af33918767eaa8bd843965088\",\"name\":\"Agua_y_Residuos\",\"sameAs\":[\"https:\\\/\\\/www.aguayresiduos.com\\\/\"],\"url\":\"https:\\\/\\\/www.aguayresiduos.com\\\/index.php\\\/author\\\/jaime\\\/\"}]}<\/script>\n<!-- \/ Yoast SEO plugin. -->","yoast_head_json":{"title":"Race to Zero - Agua y Residuos","description":"Consultor\u00eda en Cantabria de servicios p\u00fablicos urbanos y rurales de limpieza (residuos s\u00f3lidos), abastecimiento y saneamiento. Nos enfocamos en Proyectos, Vigilancia y Control de Servicios, Optimizaci\u00f3n de Recursos, Diagn\u00f3sticos, Desarrollo y Seguimiento de Indicadores (KPI), Elaboraci\u00f3n de Estrategias, Innovaci\u00f3n, Colaboraci\u00f3n P\u00fablico Privada, I+D+i, Smartcity, Adaptaci\u00f3n de Servicios a Nuevos Requerimientos, Contraparte T\u00e9cnica, Actualizaci\u00f3n y Talleres de Difusi\u00f3n, ...","robots":{"index":"index","follow":"follow","max-snippet":"max-snippet:-1","max-image-preview":"max-image-preview:large","max-video-preview":"max-video-preview:-1"},"canonical":"https:\/\/www.aguayresiduos.com\/index.php\/race-to-zero\/","og_locale":"es_ES","og_type":"article","og_title":"Race to Zero - Agua y Residuos","og_description":"Consultor\u00eda en Cantabria de servicios p\u00fablicos urbanos y rurales de limpieza (residuos s\u00f3lidos), abastecimiento y saneamiento. Nos enfocamos en Proyectos, Vigilancia y Control de Servicios, Optimizaci\u00f3n de Recursos, Diagn\u00f3sticos, Desarrollo y Seguimiento de Indicadores (KPI), Elaboraci\u00f3n de Estrategias, Innovaci\u00f3n, Colaboraci\u00f3n P\u00fablico Privada, I+D+i, Smartcity, Adaptaci\u00f3n de Servicios a Nuevos Requerimientos, Contraparte T\u00e9cnica, Actualizaci\u00f3n y Talleres de Difusi\u00f3n, ...","og_url":"https:\/\/www.aguayresiduos.com\/index.php\/race-to-zero\/","og_site_name":"Agua y Residuos","article_modified_time":"2021-11-12T16:56:22+00:00","twitter_card":"summary_large_image","twitter_site":"@Agua_y_Residuos","twitter_misc":{"Tiempo de lectura":"1 minuto"},"schema":{"@context":"https:\/\/schema.org","@graph":[{"@type":"TechArticle","@id":"https:\/\/www.aguayresiduos.com\/index.php\/race-to-zero\/#article","isPartOf":{"@id":"https:\/\/www.aguayresiduos.com\/index.php\/race-to-zero\/"},"author":{"name":"Agua_y_Residuos","@id":"https:\/\/www.aguayresiduos.com\/#\/schema\/person\/36e6bd8af33918767eaa8bd843965088"},"headline":"Race to Zero","datePublished":"2021-11-08T19:11:23+00:00","dateModified":"2021-11-12T16:56:22+00:00","mainEntityOfPage":{"@id":"https:\/\/www.aguayresiduos.com\/index.php\/race-to-zero\/"},"wordCount":215,"publisher":{"@id":"https:\/\/www.aguayresiduos.com\/#organization"},"inLanguage":"es"},{"@type":"WebPage","@id":"https:\/\/www.aguayresiduos.com\/index.php\/race-to-zero\/","url":"https:\/\/www.aguayresiduos.com\/index.php\/race-to-zero\/","name":"Race to Zero - Agua y Residuos","isPartOf":{"@id":"https:\/\/www.aguayresiduos.com\/#website"},"datePublished":"2021-11-08T19:11:23+00:00","dateModified":"2021-11-12T16:56:22+00:00","description":"Consultor\u00eda en Cantabria de servicios p\u00fablicos urbanos y rurales de limpieza (residuos s\u00f3lidos), abastecimiento y saneamiento. Nos enfocamos en Proyectos, Vigilancia y Control de Servicios, Optimizaci\u00f3n de Recursos, Diagn\u00f3sticos, Desarrollo y Seguimiento de Indicadores (KPI), Elaboraci\u00f3n de Estrategias, Innovaci\u00f3n, Colaboraci\u00f3n P\u00fablico Privada, I+D+i, Smartcity, Adaptaci\u00f3n de Servicios a Nuevos Requerimientos, Contraparte T\u00e9cnica, Actualizaci\u00f3n y Talleres de Difusi\u00f3n, ...","breadcrumb":{"@id":"https:\/\/www.aguayresiduos.com\/index.php\/race-to-zero\/#breadcrumb"},"inLanguage":"es","potentialAction":[{"@type":"ReadAction","target":["https:\/\/www.aguayresiduos.com\/index.php\/race-to-zero\/"]}]},{"@type":"BreadcrumbList","@id":"https:\/\/www.aguayresiduos.com\/index.php\/race-to-zero\/#breadcrumb","itemListElement":[{"@type":"ListItem","position":1,"name":"Portada","item":"https:\/\/www.aguayresiduos.com\/"},{"@type":"ListItem","position":2,"name":"Race to Zero"}]},{"@type":"WebSite","@id":"https:\/\/www.aguayresiduos.com\/#website","url":"https:\/\/www.aguayresiduos.com\/","name":"Agua y Residuos","description":"Consultor\u00eda de Servicios Urbanos","publisher":{"@id":"https:\/\/www.aguayresiduos.com\/#organization"},"potentialAction":[{"@type":"SearchAction","target":{"@type":"EntryPoint","urlTemplate":"https:\/\/www.aguayresiduos.com\/?s={search_term_string}"},"query-input":{"@type":"PropertyValueSpecification","valueRequired":true,"valueName":"search_term_string"}}],"inLanguage":"es"},{"@type":"Organization","@id":"https:\/\/www.aguayresiduos.com\/#organization","name":"Agua_y_Residuos","url":"https:\/\/www.aguayresiduos.com\/","logo":{"@type":"ImageObject","inLanguage":"es","@id":"https:\/\/www.aguayresiduos.com\/#\/schema\/logo\/image\/","url":"https:\/\/www.aguayresiduos.com\/wp-content\/uploads\/2021\/11\/fondo-transparente2.png","contentUrl":"https:\/\/www.aguayresiduos.com\/wp-content\/uploads\/2021\/11\/fondo-transparente2.png","width":500,"height":500,"caption":"Agua_y_Residuos"},"image":{"@id":"https:\/\/www.aguayresiduos.com\/#\/schema\/logo\/image\/"},"sameAs":["https:\/\/x.com\/Agua_y_Residuos","https:\/\/www.instagram.com\/agua_y_residuos\/"]},{"@type":"Person","@id":"https:\/\/www.aguayresiduos.com\/#\/schema\/person\/36e6bd8af33918767eaa8bd843965088","name":"Agua_y_Residuos","sameAs":["https:\/\/www.aguayresiduos.com\/"],"url":"https:\/\/www.aguayresiduos.com\/index.php\/author\/jaime\/"}]}},"_links":{"self":[{"href":"https:\/\/www.aguayresiduos.com\/index.php\/wp-json\/wp\/v2\/pages\/510","targetHints":{"allow":["GET"]}}],"collection":[{"href":"https:\/\/www.aguayresiduos.com\/index.php\/wp-json\/wp\/v2\/pages"}],"about":[{"href":"https:\/\/www.aguayresiduos.com\/index.php\/wp-json\/wp\/v2\/types\/page"}],"author":[{"embeddable":true,"href":"https:\/\/www.aguayresiduos.com\/index.php\/wp-json\/wp\/v2\/users\/1"}],"replies":[{"embeddable":true,"href":"https:\/\/www.aguayresiduos.com\/index.php\/wp-json\/wp\/v2\/comments?post=510"}],"version-history":[{"count":2,"href":"https:\/\/www.aguayresiduos.com\/index.php\/wp-json\/wp\/v2\/pages\/510\/revisions"}],"predecessor-version":[{"id":515,"href":"https:\/\/www.aguayresiduos.com\/index.php\/wp-json\/wp\/v2\/pages\/510\/revisions\/515"}],"wp:attachment":[{"href":"https:\/\/www.aguayresiduos.com\/index.php\/wp-json\/wp\/v2\/media?parent=510"}],"curies":[{"name":"wp","href":"https:\/\/api.w.org\/{rel}","templated":true}]}}