{"id":646,"date":"2021-11-12T17:45:08","date_gmt":"2021-11-12T17:45:08","guid":{"rendered":"https:\/\/www.aguayresiduos.com\/?page_id=646"},"modified":"2021-12-06T11:20:12","modified_gmt":"2021-12-06T11:20:12","slug":"referencias","status":"publish","type":"page","link":"https:\/\/www.aguayresiduos.com\/index.php\/referencias\/","title":{"rendered":"Referencias"},"content":{"rendered":"\n<p>Queremos mantenerte informado con estas importantes publicaciones:<\/p>\n\n\n\n<h2 class=\"wp-block-heading\">Agua<\/h2>\n\n\n\n<div class=\"wp-block-group\"><div class=\"wp-block-group__inner-container is-layout-flow wp-block-group-is-layout-flow\">\n<figure class=\"wp-block-image size-full is-resized\"><a href=\"http:\/\/dx.doi.org\/10.18235\/0003178\" target=\"_blank\" rel=\"noopener\"><img loading=\"lazy\" decoding=\"async\" src=\"https:\/\/www.aguayresiduos.com\/wp-content\/uploads\/2021\/11\/11155.png\" alt=\"\" class=\"wp-image-1482\" width=\"151\" height=\"195\" srcset=\"https:\/\/www.aguayresiduos.com\/wp-content\/uploads\/2021\/11\/11155.png 306w, https:\/\/www.aguayresiduos.com\/wp-content\/uploads\/2021\/11\/11155-232x300.png 232w\" sizes=\"auto, (max-width: 151px) 100vw, 151px\" \/><\/a><figcaption><strong>Asociaciones p\u00fablico-privadas en el sector de agua potable y saneamiento en Am\u00e9rica Latina y el Caribe: Entorno, factores cr\u00edticos de \u00e9xito y recomendaciones<\/strong>. La participaci\u00f3n del sector privado en agua y saneamiento en Am\u00e9rica Latina y el Caribe ha demostrado ser efectiva en diferentes contextos y circunstancias. Es clave identificar los factores cr\u00edticos de \u00e9xito (FCE) para promover proyectos de Agua y Saneamiento preparados e implementados bajo modelos de APP. Lo puedes leer en ingl\u00e9s en el siguiente <a href=\"http:\/\/dx.doi.org\/10.18235\/0003178\" target=\"_blank\" rel=\"noreferrer noopener\">enlace<\/a>.<\/figcaption><\/figure>\n\n\n\n<figure class=\"wp-block-image size-thumbnail\"><a href=\"https:\/\/washdata.org\/report\/jmp-2021-wash-households-highlights\"><img loading=\"lazy\" decoding=\"async\" width=\"150\" height=\"150\" src=\"https:\/\/www.aguayresiduos.com\/wp-content\/uploads\/2021\/10\/jmp-2021-wash-households-150x150.jpg\" alt=\"https:\/\/washdata.org\/report\/jmp-2021-wash-households-highlights\" class=\"wp-image-390\"\/><\/a><figcaption><strong>Progress on household drinking water, sanitation and hygiene 2000-2020: Five years into the SDGs.<\/strong> En esta publicaci\u00f3n de <strong>Julio\/2021<\/strong>, podr\u00e1s ver los \u00faltimos resultados sobre el avance mundial hacia los objetivos ODS en materia de agua, saneamiento e higiene. La Organizaci\u00f3n Mundial de la Salud y el Fondo de las Naciones Unidas para la Infancia (OMS\/UNICEF) Programa Conjunto de Vigilancia para el Abastecimiento de Agua, el Saneamiento y la Higiene (PCM) produce estimaciones estimaciones comparables a nivel internacional de los progresos en dichas materias. Se entregan estimaciones actualizadas a nivel nacional, regional y mundial de WASH en los hogares para el per\u00edodo para el per\u00edodo 2000-2020 y hace un de los progresos realizados a cinco a\u00f1os del per\u00edodo de los ODS (2015-2020). Lo puedes leer en ingl\u00e9s en el siguiente <a href=\"https:\/\/washdata.org\/sites\/default\/files\/2021-07\/jmp-2021-wash-households.pdf\">enlace<\/a>.<\/figcaption><\/figure>\n\n\n\n<p><\/p>\n<\/div><\/div>\n\n\n\n<figure class=\"wp-block-image size-full is-resized\"><a href=\"https:\/\/apps.who.int\/iris\/bitstream\/handle\/10665\/329403\/9789289054454-eng.pdf\" target=\"_blank\" rel=\"noopener\"><img loading=\"lazy\" decoding=\"async\" src=\"https:\/\/www.aguayresiduos.com\/wp-content\/uploads\/2021\/11\/surveillance-mngt-water-related-infectious-diseases.png\" alt=\"\" class=\"wp-image-647\" width=\"148\" height=\"202\"\/><\/a><figcaption><strong>Surveillance and outbreak management of water-related infectious diseases associated with water-supply systems (2019)<\/strong>. El Protocolo sobre el Agua y la Salud del Convenio sobre la Protecci\u00f3n y Utilizaci\u00f3n de los Cursos de Agua Transfronterizos y los Lagos Internacionales de 1992 es el instrumento pol\u00edtico clave para promover una mejor salud mediante una gesti\u00f3n eficaz del agua y la vigilancia de las enfermedades relacionadas con el agua. Esta publicaci\u00f3n aborda la vigilancia y la gesti\u00f3n de enfermedades asociadas a los sistemas de abastecimiento de agua de consumo, bas\u00e1ndose en las directrices existentes para la vigilancia de las enfermedades infecciosas y la respuesta a los brotes. Su objetivo es ayudar a los pa\u00edses a desarrollar y reforzar sus sistemas, proporcionando informaci\u00f3n t\u00e9cnica sobre las caracter\u00edsticas espec\u00edficas, las actividades y las metodolog\u00edas relacionadas con su vigilancia y gesti\u00f3n.  Lo puedes leer en ingl\u00e9s en el siguiente <a rel=\"noreferrer noopener\" href=\"https:\/\/apps.who.int\/iris\/bitstream\/handle\/10665\/329403\/9789289054454-eng.pdf\" target=\"_blank\">enlace<\/a>. <\/figcaption><\/figure>\n\n\n\n<h2 class=\"wp-block-heading\">Residuos<\/h2>\n\n\n\n<figure class=\"wp-block-image size-full is-resized\"><a href=\"https:\/\/openknowledge.worldbank.org\/bitstream\/handle\/10986\/35998\/More-Growth-Less-Garbage.pdf?sequence=1&amp;isAllowed=y\"><img decoding=\"async\" src=\"https:\/\/www.aguayresiduos.com\/wp-content\/uploads\/2021\/11\/More-Growth-Less-Garbage.pdf-edited.jpg\" alt=\"\" class=\"wp-image-1488\" width=\"143\" srcset=\"https:\/\/www.aguayresiduos.com\/wp-content\/uploads\/2021\/11\/More-Growth-Less-Garbage.pdf-edited.jpg 249w, https:\/\/www.aguayresiduos.com\/wp-content\/uploads\/2021\/11\/More-Growth-Less-Garbage.pdf-edited-225x300.jpg 225w\" sizes=\"(max-width: 249px) 100vw, 249px\" \/><\/a><figcaption><strong>More Growth, Less Garbage<\/strong>. Este Informe del Banco Mundial explora la posibilidad de desvincular la generaci\u00f3n de residuos, y por tanto el consumo, del crecimiento econ\u00f3mico. Se entrega una imagen actualizada de c\u00f3mo puede crecer la generaci\u00f3n de residuos si el mundo sigue la trayectoria actual y c\u00f3mo plantearse cambiar esa trayectoria hacia niveles de residuos m\u00e1s bajos. Lo puedes leer en ingl\u00e9s en el siguiente <a href=\"https:\/\/openknowledge.worldbank.org\/bitstream\/handle\/10986\/35998\/More-Growth-Less-Garbage.pdf?sequence=1&amp;isAllowed=y\">enlace<\/a>.<\/figcaption><\/figure>\n\n\n\n<p><\/p>\n","protected":false},"excerpt":{"rendered":"<p>Queremos mantenerte informado con estas importantes publicaciones: Agua Residuos<\/p>\n","protected":false},"author":1,"featured_media":0,"parent":0,"menu_order":0,"comment_status":"closed","ping_status":"closed","template":"fullwidth-page.php","meta":{"footnotes":""},"class_list":["post-646","page","type-page","status-publish","hentry"],"yoast_head":"<!-- This site is optimized with the Yoast SEO plugin v27.3 - https:\/\/yoast.com\/product\/yoast-seo-wordpress\/ -->\n<title>Referencias - Agua y Residuos<\/title>\n<meta name=\"description\" content=\"Asociaciones p\u00fablico privadas en el sector de agua potable y saneamiento en Am\u00e9rica Latina y el Caribe: Entorno, factores cr\u00edticos de \u00e9xito y recomendaciones. La participaci\u00f3n del sector privado en agua y saneamiento en Am\u00e9rica Latina y el Caribe ha demostrado ser efectiva en diferentes contextos y circunstancias. Es clave identificar los factores cr\u00edticos de \u00e9xito (FCE) para promover proyectos de Agua y Saneamiento preparados e implementados bajo modelos de APP.\" \/>\n<meta name=\"robots\" content=\"index, follow, max-snippet:-1, max-image-preview:large, max-video-preview:-1\" \/>\n<link rel=\"canonical\" href=\"https:\/\/www.aguayresiduos.com\/index.php\/referencias\/\" \/>\n<meta property=\"og:locale\" content=\"es_ES\" \/>\n<meta property=\"og:type\" content=\"article\" \/>\n<meta property=\"og:title\" content=\"Referencias - Agua y Residuos\" \/>\n<meta property=\"og:description\" content=\"Asociaciones p\u00fablico privadas en el sector de agua potable y saneamiento en Am\u00e9rica Latina y el Caribe: Entorno, factores cr\u00edticos de \u00e9xito y recomendaciones. La participaci\u00f3n del sector privado en agua y saneamiento en Am\u00e9rica Latina y el Caribe ha demostrado ser efectiva en diferentes contextos y circunstancias. Es clave identificar los factores cr\u00edticos de \u00e9xito (FCE) para promover proyectos de Agua y Saneamiento preparados e implementados bajo modelos de APP.\" \/>\n<meta property=\"og:url\" content=\"https:\/\/www.aguayresiduos.com\/index.php\/referencias\/\" \/>\n<meta property=\"og:site_name\" content=\"Agua y Residuos\" \/>\n<meta property=\"article:modified_time\" content=\"2021-12-06T11:20:12+00:00\" \/>\n<meta property=\"og:image\" content=\"https:\/\/www.aguayresiduos.com\/wp-content\/uploads\/2021\/11\/11155.png\" \/>\n<meta name=\"twitter:card\" content=\"summary_large_image\" \/>\n<meta name=\"twitter:site\" content=\"@Agua_y_Residuos\" \/>\n<meta name=\"twitter:label1\" content=\"Tiempo de lectura\" \/>\n\t<meta name=\"twitter:data1\" content=\"3 minutos\" \/>\n<script type=\"application\/ld+json\" class=\"yoast-schema-graph\">{\"@context\":\"https:\\\/\\\/schema.org\",\"@graph\":[{\"@type\":\"TechArticle\",\"@id\":\"https:\\\/\\\/www.aguayresiduos.com\\\/index.php\\\/referencias\\\/#article\",\"isPartOf\":{\"@id\":\"https:\\\/\\\/www.aguayresiduos.com\\\/index.php\\\/referencias\\\/\"},\"author\":{\"name\":\"Agua_y_Residuos\",\"@id\":\"https:\\\/\\\/www.aguayresiduos.com\\\/#\\\/schema\\\/person\\\/36e6bd8af33918767eaa8bd843965088\"},\"headline\":\"Referencias\",\"datePublished\":\"2021-11-12T17:45:08+00:00\",\"dateModified\":\"2021-12-06T11:20:12+00:00\",\"mainEntityOfPage\":{\"@id\":\"https:\\\/\\\/www.aguayresiduos.com\\\/index.php\\\/referencias\\\/\"},\"wordCount\":467,\"publisher\":{\"@id\":\"https:\\\/\\\/www.aguayresiduos.com\\\/#organization\"},\"image\":{\"@id\":\"https:\\\/\\\/www.aguayresiduos.com\\\/index.php\\\/referencias\\\/#primaryimage\"},\"thumbnailUrl\":\"https:\\\/\\\/www.aguayresiduos.com\\\/wp-content\\\/uploads\\\/2021\\\/11\\\/11155.png\",\"inLanguage\":\"es\"},{\"@type\":\"WebPage\",\"@id\":\"https:\\\/\\\/www.aguayresiduos.com\\\/index.php\\\/referencias\\\/\",\"url\":\"https:\\\/\\\/www.aguayresiduos.com\\\/index.php\\\/referencias\\\/\",\"name\":\"Referencias - Agua y Residuos\",\"isPartOf\":{\"@id\":\"https:\\\/\\\/www.aguayresiduos.com\\\/#website\"},\"primaryImageOfPage\":{\"@id\":\"https:\\\/\\\/www.aguayresiduos.com\\\/index.php\\\/referencias\\\/#primaryimage\"},\"image\":{\"@id\":\"https:\\\/\\\/www.aguayresiduos.com\\\/index.php\\\/referencias\\\/#primaryimage\"},\"thumbnailUrl\":\"https:\\\/\\\/www.aguayresiduos.com\\\/wp-content\\\/uploads\\\/2021\\\/11\\\/11155.png\",\"datePublished\":\"2021-11-12T17:45:08+00:00\",\"dateModified\":\"2021-12-06T11:20:12+00:00\",\"description\":\"Asociaciones p\u00fablico privadas en el sector de agua potable y saneamiento en Am\u00e9rica Latina y el Caribe: Entorno, factores cr\u00edticos de \u00e9xito y recomendaciones. La participaci\u00f3n del sector privado en agua y saneamiento en Am\u00e9rica Latina y el Caribe ha demostrado ser efectiva en diferentes contextos y circunstancias. Es clave identificar los factores cr\u00edticos de \u00e9xito (FCE) para promover proyectos de Agua y Saneamiento preparados e implementados bajo modelos de APP.\",\"breadcrumb\":{\"@id\":\"https:\\\/\\\/www.aguayresiduos.com\\\/index.php\\\/referencias\\\/#breadcrumb\"},\"inLanguage\":\"es\",\"potentialAction\":[{\"@type\":\"ReadAction\",\"target\":[\"https:\\\/\\\/www.aguayresiduos.com\\\/index.php\\\/referencias\\\/\"]}]},{\"@type\":\"ImageObject\",\"inLanguage\":\"es\",\"@id\":\"https:\\\/\\\/www.aguayresiduos.com\\\/index.php\\\/referencias\\\/#primaryimage\",\"url\":\"https:\\\/\\\/www.aguayresiduos.com\\\/wp-content\\\/uploads\\\/2021\\\/11\\\/11155.png\",\"contentUrl\":\"https:\\\/\\\/www.aguayresiduos.com\\\/wp-content\\\/uploads\\\/2021\\\/11\\\/11155.png\",\"width\":306,\"height\":396,\"caption\":\"Consultor\u00eda en Cantabria de servicios p\u00fablicos urbanos y rurales de limpieza (residuos s\u00f3lidos), abastecimiento y saneamiento. Nos enfocamos en Proyectos, Vigilancia y Control de Servicios, Optimizaci\u00f3n de Recursos, Diagn\u00f3sticos, Desarrollo y Seguimiento de Indicadores (KPI), Elaboraci\u00f3n de Estrategias, Innovaci\u00f3n, Colaboraci\u00f3n P\u00fablico Privada, I+D+i, Smartcity, Adaptaci\u00f3n de Servicios a Nuevos Requerimientos, Contraparte T\u00e9cnica, Actualizaci\u00f3n y Talleres de Difusi\u00f3n, ...\"},{\"@type\":\"BreadcrumbList\",\"@id\":\"https:\\\/\\\/www.aguayresiduos.com\\\/index.php\\\/referencias\\\/#breadcrumb\",\"itemListElement\":[{\"@type\":\"ListItem\",\"position\":1,\"name\":\"Portada\",\"item\":\"https:\\\/\\\/www.aguayresiduos.com\\\/\"},{\"@type\":\"ListItem\",\"position\":2,\"name\":\"Referencias\"}]},{\"@type\":\"WebSite\",\"@id\":\"https:\\\/\\\/www.aguayresiduos.com\\\/#website\",\"url\":\"https:\\\/\\\/www.aguayresiduos.com\\\/\",\"name\":\"Agua y Residuos\",\"description\":\"Consultor\u00eda de Servicios Urbanos\",\"publisher\":{\"@id\":\"https:\\\/\\\/www.aguayresiduos.com\\\/#organization\"},\"potentialAction\":[{\"@type\":\"SearchAction\",\"target\":{\"@type\":\"EntryPoint\",\"urlTemplate\":\"https:\\\/\\\/www.aguayresiduos.com\\\/?s={search_term_string}\"},\"query-input\":{\"@type\":\"PropertyValueSpecification\",\"valueRequired\":true,\"valueName\":\"search_term_string\"}}],\"inLanguage\":\"es\"},{\"@type\":\"Organization\",\"@id\":\"https:\\\/\\\/www.aguayresiduos.com\\\/#organization\",\"name\":\"Agua_y_Residuos\",\"url\":\"https:\\\/\\\/www.aguayresiduos.com\\\/\",\"logo\":{\"@type\":\"ImageObject\",\"inLanguage\":\"es\",\"@id\":\"https:\\\/\\\/www.aguayresiduos.com\\\/#\\\/schema\\\/logo\\\/image\\\/\",\"url\":\"https:\\\/\\\/www.aguayresiduos.com\\\/wp-content\\\/uploads\\\/2021\\\/11\\\/fondo-transparente2.png\",\"contentUrl\":\"https:\\\/\\\/www.aguayresiduos.com\\\/wp-content\\\/uploads\\\/2021\\\/11\\\/fondo-transparente2.png\",\"width\":500,\"height\":500,\"caption\":\"Agua_y_Residuos\"},\"image\":{\"@id\":\"https:\\\/\\\/www.aguayresiduos.com\\\/#\\\/schema\\\/logo\\\/image\\\/\"},\"sameAs\":[\"https:\\\/\\\/x.com\\\/Agua_y_Residuos\",\"https:\\\/\\\/www.instagram.com\\\/agua_y_residuos\\\/\"]},{\"@type\":\"Person\",\"@id\":\"https:\\\/\\\/www.aguayresiduos.com\\\/#\\\/schema\\\/person\\\/36e6bd8af33918767eaa8bd843965088\",\"name\":\"Agua_y_Residuos\",\"sameAs\":[\"https:\\\/\\\/www.aguayresiduos.com\\\/\"],\"url\":\"https:\\\/\\\/www.aguayresiduos.com\\\/index.php\\\/author\\\/jaime\\\/\"}]}<\/script>\n<!-- \/ Yoast SEO plugin. -->","yoast_head_json":{"title":"Referencias - Agua y Residuos","description":"Asociaciones p\u00fablico privadas en el sector de agua potable y saneamiento en Am\u00e9rica Latina y el Caribe: Entorno, factores cr\u00edticos de \u00e9xito y recomendaciones. La participaci\u00f3n del sector privado en agua y saneamiento en Am\u00e9rica Latina y el Caribe ha demostrado ser efectiva en diferentes contextos y circunstancias. Es clave identificar los factores cr\u00edticos de \u00e9xito (FCE) para promover proyectos de Agua y Saneamiento preparados e implementados bajo modelos de APP.","robots":{"index":"index","follow":"follow","max-snippet":"max-snippet:-1","max-image-preview":"max-image-preview:large","max-video-preview":"max-video-preview:-1"},"canonical":"https:\/\/www.aguayresiduos.com\/index.php\/referencias\/","og_locale":"es_ES","og_type":"article","og_title":"Referencias - Agua y Residuos","og_description":"Asociaciones p\u00fablico privadas en el sector de agua potable y saneamiento en Am\u00e9rica Latina y el Caribe: Entorno, factores cr\u00edticos de \u00e9xito y recomendaciones. La participaci\u00f3n del sector privado en agua y saneamiento en Am\u00e9rica Latina y el Caribe ha demostrado ser efectiva en diferentes contextos y circunstancias. Es clave identificar los factores cr\u00edticos de \u00e9xito (FCE) para promover proyectos de Agua y Saneamiento preparados e implementados bajo modelos de APP.","og_url":"https:\/\/www.aguayresiduos.com\/index.php\/referencias\/","og_site_name":"Agua y Residuos","article_modified_time":"2021-12-06T11:20:12+00:00","og_image":[{"url":"https:\/\/www.aguayresiduos.com\/wp-content\/uploads\/2021\/11\/11155.png","type":"","width":"","height":""}],"twitter_card":"summary_large_image","twitter_site":"@Agua_y_Residuos","twitter_misc":{"Tiempo de lectura":"3 minutos"},"schema":{"@context":"https:\/\/schema.org","@graph":[{"@type":"TechArticle","@id":"https:\/\/www.aguayresiduos.com\/index.php\/referencias\/#article","isPartOf":{"@id":"https:\/\/www.aguayresiduos.com\/index.php\/referencias\/"},"author":{"name":"Agua_y_Residuos","@id":"https:\/\/www.aguayresiduos.com\/#\/schema\/person\/36e6bd8af33918767eaa8bd843965088"},"headline":"Referencias","datePublished":"2021-11-12T17:45:08+00:00","dateModified":"2021-12-06T11:20:12+00:00","mainEntityOfPage":{"@id":"https:\/\/www.aguayresiduos.com\/index.php\/referencias\/"},"wordCount":467,"publisher":{"@id":"https:\/\/www.aguayresiduos.com\/#organization"},"image":{"@id":"https:\/\/www.aguayresiduos.com\/index.php\/referencias\/#primaryimage"},"thumbnailUrl":"https:\/\/www.aguayresiduos.com\/wp-content\/uploads\/2021\/11\/11155.png","inLanguage":"es"},{"@type":"WebPage","@id":"https:\/\/www.aguayresiduos.com\/index.php\/referencias\/","url":"https:\/\/www.aguayresiduos.com\/index.php\/referencias\/","name":"Referencias - Agua y Residuos","isPartOf":{"@id":"https:\/\/www.aguayresiduos.com\/#website"},"primaryImageOfPage":{"@id":"https:\/\/www.aguayresiduos.com\/index.php\/referencias\/#primaryimage"},"image":{"@id":"https:\/\/www.aguayresiduos.com\/index.php\/referencias\/#primaryimage"},"thumbnailUrl":"https:\/\/www.aguayresiduos.com\/wp-content\/uploads\/2021\/11\/11155.png","datePublished":"2021-11-12T17:45:08+00:00","dateModified":"2021-12-06T11:20:12+00:00","description":"Asociaciones p\u00fablico privadas en el sector de agua potable y saneamiento en Am\u00e9rica Latina y el Caribe: Entorno, factores cr\u00edticos de \u00e9xito y recomendaciones. La participaci\u00f3n del sector privado en agua y saneamiento en Am\u00e9rica Latina y el Caribe ha demostrado ser efectiva en diferentes contextos y circunstancias. Es clave identificar los factores cr\u00edticos de \u00e9xito (FCE) para promover proyectos de Agua y Saneamiento preparados e implementados bajo modelos de APP.","breadcrumb":{"@id":"https:\/\/www.aguayresiduos.com\/index.php\/referencias\/#breadcrumb"},"inLanguage":"es","potentialAction":[{"@type":"ReadAction","target":["https:\/\/www.aguayresiduos.com\/index.php\/referencias\/"]}]},{"@type":"ImageObject","inLanguage":"es","@id":"https:\/\/www.aguayresiduos.com\/index.php\/referencias\/#primaryimage","url":"https:\/\/www.aguayresiduos.com\/wp-content\/uploads\/2021\/11\/11155.png","contentUrl":"https:\/\/www.aguayresiduos.com\/wp-content\/uploads\/2021\/11\/11155.png","width":306,"height":396,"caption":"Consultor\u00eda en Cantabria de servicios p\u00fablicos urbanos y rurales de limpieza (residuos s\u00f3lidos), abastecimiento y saneamiento. Nos enfocamos en Proyectos, Vigilancia y Control de Servicios, Optimizaci\u00f3n de Recursos, Diagn\u00f3sticos, Desarrollo y Seguimiento de Indicadores (KPI), Elaboraci\u00f3n de Estrategias, Innovaci\u00f3n, Colaboraci\u00f3n P\u00fablico Privada, I+D+i, Smartcity, Adaptaci\u00f3n de Servicios a Nuevos Requerimientos, Contraparte T\u00e9cnica, Actualizaci\u00f3n y Talleres de Difusi\u00f3n, ..."},{"@type":"BreadcrumbList","@id":"https:\/\/www.aguayresiduos.com\/index.php\/referencias\/#breadcrumb","itemListElement":[{"@type":"ListItem","position":1,"name":"Portada","item":"https:\/\/www.aguayresiduos.com\/"},{"@type":"ListItem","position":2,"name":"Referencias"}]},{"@type":"WebSite","@id":"https:\/\/www.aguayresiduos.com\/#website","url":"https:\/\/www.aguayresiduos.com\/","name":"Agua y Residuos","description":"Consultor\u00eda de Servicios Urbanos","publisher":{"@id":"https:\/\/www.aguayresiduos.com\/#organization"},"potentialAction":[{"@type":"SearchAction","target":{"@type":"EntryPoint","urlTemplate":"https:\/\/www.aguayresiduos.com\/?s={search_term_string}"},"query-input":{"@type":"PropertyValueSpecification","valueRequired":true,"valueName":"search_term_string"}}],"inLanguage":"es"},{"@type":"Organization","@id":"https:\/\/www.aguayresiduos.com\/#organization","name":"Agua_y_Residuos","url":"https:\/\/www.aguayresiduos.com\/","logo":{"@type":"ImageObject","inLanguage":"es","@id":"https:\/\/www.aguayresiduos.com\/#\/schema\/logo\/image\/","url":"https:\/\/www.aguayresiduos.com\/wp-content\/uploads\/2021\/11\/fondo-transparente2.png","contentUrl":"https:\/\/www.aguayresiduos.com\/wp-content\/uploads\/2021\/11\/fondo-transparente2.png","width":500,"height":500,"caption":"Agua_y_Residuos"},"image":{"@id":"https:\/\/www.aguayresiduos.com\/#\/schema\/logo\/image\/"},"sameAs":["https:\/\/x.com\/Agua_y_Residuos","https:\/\/www.instagram.com\/agua_y_residuos\/"]},{"@type":"Person","@id":"https:\/\/www.aguayresiduos.com\/#\/schema\/person\/36e6bd8af33918767eaa8bd843965088","name":"Agua_y_Residuos","sameAs":["https:\/\/www.aguayresiduos.com\/"],"url":"https:\/\/www.aguayresiduos.com\/index.php\/author\/jaime\/"}]}},"_links":{"self":[{"href":"https:\/\/www.aguayresiduos.com\/index.php\/wp-json\/wp\/v2\/pages\/646","targetHints":{"allow":["GET"]}}],"collection":[{"href":"https:\/\/www.aguayresiduos.com\/index.php\/wp-json\/wp\/v2\/pages"}],"about":[{"href":"https:\/\/www.aguayresiduos.com\/index.php\/wp-json\/wp\/v2\/types\/page"}],"author":[{"embeddable":true,"href":"https:\/\/www.aguayresiduos.com\/index.php\/wp-json\/wp\/v2\/users\/1"}],"replies":[{"embeddable":true,"href":"https:\/\/www.aguayresiduos.com\/index.php\/wp-json\/wp\/v2\/comments?post=646"}],"version-history":[{"count":10,"href":"https:\/\/www.aguayresiduos.com\/index.php\/wp-json\/wp\/v2\/pages\/646\/revisions"}],"predecessor-version":[{"id":1496,"href":"https:\/\/www.aguayresiduos.com\/index.php\/wp-json\/wp\/v2\/pages\/646\/revisions\/1496"}],"wp:attachment":[{"href":"https:\/\/www.aguayresiduos.com\/index.php\/wp-json\/wp\/v2\/media?parent=646"}],"curies":[{"name":"wp","href":"https:\/\/api.w.org\/{rel}","templated":true}]}}